{"id":483,"date":"2022-12-19T02:30:10","date_gmt":"2022-12-19T02:30:10","guid":{"rendered":"https:\/\/gaviaspreview.com\/wp\/boliin\/?page_id=27"},"modified":"2024-05-20T09:53:35","modified_gmt":"2024-05-20T09:53:35","slug":"haberler-blog","status":"publish","type":"page","link":"https:\/\/livialuxuryaparthotel.com\/ru\/haberler-blog","title":{"rendered":"\u041d\u043e\u0432\u043e\u0441\u0442\u0438 \u0438 \u0431\u043b\u043e\u0433"},"content":{"rendered":"<div data-elementor-type=\"wp-page\" data-elementor-id=\"483\" class=\"elementor elementor-483\">\n\t\t\t\t\t\t<section class=\"elementor-section elementor-top-section elementor-element elementor-element-15c24e5 elementor-section-full_width elementor-section-height-default elementor-section-height-default\" data-id=\"15c24e5\" data-element_type=\"section\">\n\t\t\t\t\t\t<div class=\"elementor-container elementor-column-gap-default\">\n\t\t\t\t\t<div class=\"elementor-column elementor-col-100 elementor-top-column elementor-element elementor-element-5072785\" data-id=\"5072785\" data-element_type=\"column\">\n\t\t\t<div class=\"elementor-widget-wrap elementor-element-populated\">\n\t\t\t\t\t\t<div class=\"elementor-element elementor-element-c198af0 elementor-widget elementor-widget-gva_post_breadcrumb\" data-id=\"c198af0\" data-element_type=\"widget\" data-widget_type=\"gva_post_breadcrumb.default\">\n\t\t\t\t<div class=\"elementor-widget-container\">\n\t\t\t\t\t<div class=\"gva-element-gva_post_breadcrumb gva-element\">   \r\n<div class=\"post-breadcrumb\">\r\n   <div class=\"custom-breadcrumb\" >\r\n            <div class=\"breadcrumb-main\">\r\n        <div class=\"container\">\r\n          <div class=\"breadcrumb-container-inner\">\r\n            <h2 class=\"heading-title\">\u041d\u043e\u0432\u043e\u0441\u0442\u0438 \u0438 \u0431\u043b\u043e\u0433<\/h2><ol class=\"breadcrumb\"><li><a href=\"https:\/\/livialuxuryaparthotel.com\/ru\">Home<\/a> <\/li> <li class=\"active\">\u0421\u0442\u0440\u0430\u043d\u0438\u0446\u0430<\/li><\/ol>          <\/div>  \r\n        <\/div>   \r\n      <\/div>  \r\n   <\/div>\r\n<\/div>      \r\n\r\n<\/div>\t\t\t\t<\/div>\n\t\t\t\t<\/div>\n\t\t\t\t\t<\/div>\n\t\t<\/div>\n\t\t\t\t\t<\/div>\n\t\t<\/section>\n\t\t\t\t<section class=\"elementor-section elementor-top-section elementor-element elementor-element-2ac74c4 elementor-section-boxed elementor-section-height-default elementor-section-height-default\" data-id=\"2ac74c4\" data-element_type=\"section\">\n\t\t\t\t\t\t<div class=\"elementor-container elementor-column-gap-default\">\n\t\t\t\t\t<div class=\"elementor-column elementor-col-100 elementor-top-column elementor-element elementor-element-2d8cdf9\" data-id=\"2d8cdf9\" data-element_type=\"column\">\n\t\t\t<div class=\"elementor-widget-wrap elementor-element-populated\">\n\t\t\t\t\t\t<div class=\"elementor-element elementor-element-9678132 elementor-widget elementor-widget-gva-posts\" data-id=\"9678132\" data-element_type=\"widget\" data-widget_type=\"gva-posts.default\">\n\t\t\t\t<div class=\"elementor-widget-container\">\n\t\t\t\t\t<div class=\"gva-element-gva-posts gva-element\">  \r\n  <div class=\"gva-posts-grid clearfix gva-posts\">\r\n\t\t<div class=\"gva-content-items\"> \r\n\t\t  <div class=\"lg-block-grid-3 md-block-grid-3 sm-block-grid-2 xs-block-grid-2 xx-block-grid-1\">\r\n\t\t\t <div class=\"item-columns\"><article class=\"post-714 post type-post status-publish format-standard has-post-thumbnail hentry category-uncategorized\">\r\n   <div class=\"post post-one__single has-thumbnail\">\r\n      <div class=\"post-one__wrap\">\r\n         <div class=\"post-one__thumbnail\"><a href=\"https:\/\/livialuxuryaparthotel.com\/ru\/antalyada-tatilin-yeni-adresi-livia-luxury-apart-hotel.html\"><img fetchpriority=\"high\" decoding=\"async\" width=\"500\" height=\"360\" src=\"https:\/\/livialuxuryaparthotel.com\/wp-content\/uploads\/2024\/05\/IMG_6065-500x360.jpg\" class=\"attachment-post-thumbnail size-post-thumbnail wp-post-image\" alt=\"Antalya&#8217;da Tatilin Yeni Adresi: Livia Luxury Apart Hotel\" \/><\/a><\/div>       \r\n         <div class=\"post-one__content\">\r\n            <div class=\"post-one__entry-date\"><span class=\"date\">20<\/span><span class=\"month\">\u041c\u0430\u0439<\/span><\/div>            <div class=\"post-one__content-inner\">\r\n               \r\n               <div class=\"post-one__meta\">\r\n                  <div class=\"clearfix meta-inline post-meta-1\"><span class=\"author vcard\"><i class=\"fas fa-user-circle\"><\/i>livialuxuryaparthote<\/span><\/div>               <\/div> \r\n               <h3 class=\"post-one__title\"><a href=\"https:\/\/livialuxuryaparthotel.com\/ru\/antalyada-tatilin-yeni-adresi-livia-luxury-apart-hotel.html\" rel=\"bookmark\">\u041d\u043e\u0432\u044b\u0439 \u0430\u0434\u0440\u0435\u0441 \u0434\u043b\u044f \u043e\u0442\u0434\u044b\u0445\u0430 \u0432 \u0410\u043d\u0442\u0430\u043b\u0438\u0438: \u0430\u043f\u0430\u0440\u0442-\u043e\u0442\u0435\u043b\u044c Livia Luxury<\/a><\/h3>\r\n               <div class=\"post-one__desc\">\u0410\u043f\u0430\u0440\u0442-\u043e\u0442\u0435\u043b\u044c Livia Luxury \u043f\u0440\u0435\u0434\u043b\u0430\u0433\u0430\u0435\u0442 \u0441\u0432\u043e\u0438\u043c \u0433\u043e\u0441\u0442\u044f\u043c \u043d\u043e\u0432\u043e\u0435 \u0436\u0438\u043b\u044c\u0435 \u0432 \u041a\u043e\u043d\u044c\u044f\u0430\u043b\u0442\u044b, \u043e\u0434\u043d\u043e\u043c \u0438\u0437 \u043b\u044e\u0431\u0438\u043c\u044b\u0445 \u043a\u0443\u0440\u043e\u0440\u0442\u043e\u0432 \u0410\u043d\u0442\u0430\u043b\u0438\u0438.<\/div>               <a class=\"post-one__read-more btn-black\" href=\"https:\/\/livialuxuryaparthotel.com\/ru\/antalyada-tatilin-yeni-adresi-livia-luxury-apart-hotel.html\">\r\n                 Read More               <\/a>\r\n            <\/div>\r\n         <\/div>\r\n      <\/div>   \r\n   <\/div>   \r\n<\/article><\/div>\t\t  <\/div>\r\n\t\t<\/div>\r\n\t\t\t\t\t <div class=\"pagination\">\r\n\t\t\t\t  \t\t\t <\/div>\r\n\t\t  <\/div>\r\n  <\/div>\t\t\t\t<\/div>\n\t\t\t\t<\/div>\n\t\t\t\t\t<\/div>\n\t\t<\/div>\n\t\t\t\t\t<\/div>\n\t\t<\/section>\n\t\t\t\t<section class=\"elementor-section elementor-top-section elementor-element elementor-element-20dc749 elementor-section-boxed elementor-section-height-default elementor-section-height-default\" data-id=\"20dc749\" data-element_type=\"section\" data-settings=\"{&quot;background_background&quot;:&quot;classic&quot;}\">\n\t\t\t\t\t\t<div class=\"elementor-container elementor-column-gap-default\">\n\t\t\t\t\t<div class=\"elementor-column elementor-col-50 elementor-top-column elementor-element elementor-element-33592bd\" data-id=\"33592bd\" data-element_type=\"column\">\n\t\t\t<div class=\"elementor-widget-wrap elementor-element-populated\">\n\t\t\t\t\t\t<div class=\"elementor-element elementor-element-5a81d89 elementor-vertical-align-middle icon-box-left elementor-widget elementor-widget-icon-box\" data-id=\"5a81d89\" data-element_type=\"widget\" data-widget_type=\"icon-box.default\">\n\t\t\t\t<div class=\"elementor-widget-container\">\n\t\t\t\t\t\t\t<div class=\"elementor-icon-box-wrapper\">\n\n\t\t\t\n\t\t\t\t\t\t<div class=\"elementor-icon-box-content\">\n\n\t\t\t\t\t\t\t\t\t<h3 class=\"elementor-icon-box-title\">\n\t\t\t\t\t\t<span  >\n\t\t\t\t\t\t\tLivia Luxury Apart Hotel\t\t\t\t\t\t<\/span>\n\t\t\t\t\t<\/h3>\n\t\t\t\t\n\t\t\t\t\t\t\t\t\t<p class=\"elementor-icon-box-description\">\n\t\t\t\t\t\t\u041e\u0442\u043a\u0440\u043e\u0439\u0442\u0435 \u0434\u043b\u044f \u0441\u0435\u0431\u044f \u0441\u043f\u043e\u043a\u043e\u0439\u0441\u0442\u0432\u0438\u0435 \u0432 \u0441\u043e\u0432\u0440\u0435\u043c\u0435\u043d\u043d\u044b\u0445 \u0438 \u0441\u0442\u0438\u043b\u044c\u043d\u044b\u0445 \u0430\u043f\u0430\u0440\u0442\u0430\u043c\u0435\u043d\u0442\u0430\u0445\t\t\t\t\t<\/p>\n\t\t\t\t\n\t\t\t<\/div>\n\t\t\t\n\t\t<\/div>\n\t\t\t\t\t\t<\/div>\n\t\t\t\t<\/div>\n\t\t\t\t\t<\/div>\n\t\t<\/div>\n\t\t\t\t<div class=\"elementor-column elementor-col-50 elementor-top-column elementor-element elementor-element-8bdefbc\" data-id=\"8bdefbc\" data-element_type=\"column\">\n\t\t\t<div class=\"elementor-widget-wrap elementor-element-populated\">\n\t\t\t\t\t\t<div class=\"elementor-element elementor-element-d973901 elementor-widget__width-auto elementor-widget elementor-widget-html\" data-id=\"d973901\" data-element_type=\"widget\" data-widget_type=\"html.default\">\n\t\t\t\t<div class=\"elementor-widget-container\">\n\t\t\t\t\t<a class=\"btn-white\" href=\"https:\/\/livialuxuryaparthotel.com\/ru\/odalarimiz\/\">\n    \u0423\u0437\u043d\u0430\u0439\u0442\u0435 \u0431\u043e\u043b\u044c\u0448\u0435\n<\/a>\t\t\t\t<\/div>\n\t\t\t\t<\/div>\n\t\t\t\t\t<\/div>\n\t\t<\/div>\n\t\t\t\t\t<\/div>\n\t\t<\/section>\n\t\t\t\t<\/div>","protected":false},"excerpt":{"rendered":"<p>The 8 best things about travel adventure Anasayfa 19Ara livialuxuryaparthote0 Yorumlar Things to see and do when visiting Japan There are many variations of but the majority have simply free [&hellip;]<\/p>","protected":false},"author":1,"featured_media":0,"parent":0,"menu_order":0,"comment_status":"closed","ping_status":"closed","template":"","meta":{"footnotes":""},"class_list":["post-483","page","type-page","status-publish","hentry"],"yoast_head":"<!-- This site is optimized with the Yoast SEO plugin v25.1 - https:\/\/yoast.com\/wordpress\/plugins\/seo\/ -->\n<title>Haberler &amp; Blog - Livia Luxury Apart Hotel - Antalya Konyaalt\u0131<\/title>\n<meta name=\"robots\" content=\"index, follow, max-snippet:-1, max-image-preview:large, max-video-preview:-1\" \/>\n<link rel=\"canonical\" href=\"https:\/\/livialuxuryaparthotel.com\/ru\/haberler-blog\/\" \/>\n<meta property=\"og:locale\" content=\"ru_RU\" \/>\n<meta property=\"og:type\" content=\"article\" \/>\n<meta property=\"og:title\" content=\"Haberler &amp; Blog - Livia Luxury Apart Hotel - Antalya Konyaalt\u0131\" \/>\n<meta property=\"og:description\" content=\"The 8 best things about travel adventure Anasayfa 19Ara livialuxuryaparthote0 Yorumlar Things to see and do when visiting Japan There are many variations of but the majority have simply free [&hellip;]\" \/>\n<meta property=\"og:url\" content=\"https:\/\/livialuxuryaparthotel.com\/ru\/haberler-blog\/\" \/>\n<meta property=\"og:site_name\" content=\"Livia Luxury Apart Hotel - Antalya Konyaalt\u0131\" \/>\n<meta property=\"article:modified_time\" content=\"2024-05-20T09:53:35+00:00\" \/>\n<meta property=\"og:image\" content=\"https:\/\/livialuxuryaparthotel.com\/wp-content\/uploads\/2022\/12\/blog-01-500x360.jpg\" \/>\n<meta name=\"twitter:card\" content=\"summary_large_image\" \/>\n<meta name=\"twitter:label1\" content=\"\u041f\u0440\u0438\u043c\u0435\u0440\u043d\u043e\u0435 \u0432\u0440\u0435\u043c\u044f \u0434\u043b\u044f \u0447\u0442\u0435\u043d\u0438\u044f\" \/>\n\t<meta name=\"twitter:data1\" content=\"1 \u043c\u0438\u043d\u0443\u0442\u0430\" \/>\n<script type=\"application\/ld+json\" class=\"yoast-schema-graph\">{\"@context\":\"https:\/\/schema.org\",\"@graph\":[{\"@type\":\"WebPage\",\"@id\":\"https:\/\/livialuxuryaparthotel.com\/tr\/haberler-blog\",\"url\":\"https:\/\/livialuxuryaparthotel.com\/tr\/haberler-blog\",\"name\":\"Haberler & Blog - Livia Luxury Apart Hotel - Antalya Konyaalt\u0131\",\"isPartOf\":{\"@id\":\"https:\/\/livialuxuryaparthotel.com\/tr\/#website\"},\"primaryImageOfPage\":{\"@id\":\"https:\/\/livialuxuryaparthotel.com\/tr\/haberler-blog#primaryimage\"},\"image\":{\"@id\":\"https:\/\/livialuxuryaparthotel.com\/tr\/haberler-blog#primaryimage\"},\"thumbnailUrl\":\"https:\/\/livialuxuryaparthotel.com\/wp-content\/uploads\/2022\/12\/blog-01-500x360.jpg\",\"datePublished\":\"2022-12-19T02:30:10+00:00\",\"dateModified\":\"2024-05-20T09:53:35+00:00\",\"breadcrumb\":{\"@id\":\"https:\/\/livialuxuryaparthotel.com\/tr\/haberler-blog#breadcrumb\"},\"inLanguage\":\"ru-RU\",\"potentialAction\":[{\"@type\":\"ReadAction\",\"target\":[\"https:\/\/livialuxuryaparthotel.com\/tr\/haberler-blog\"]}]},{\"@type\":\"ImageObject\",\"inLanguage\":\"ru-RU\",\"@id\":\"https:\/\/livialuxuryaparthotel.com\/tr\/haberler-blog#primaryimage\",\"url\":\"https:\/\/livialuxuryaparthotel.com\/wp-content\/uploads\/2022\/12\/blog-01-500x360.jpg\",\"contentUrl\":\"https:\/\/livialuxuryaparthotel.com\/wp-content\/uploads\/2022\/12\/blog-01-500x360.jpg\"},{\"@type\":\"BreadcrumbList\",\"@id\":\"https:\/\/livialuxuryaparthotel.com\/tr\/haberler-blog#breadcrumb\",\"itemListElement\":[{\"@type\":\"ListItem\",\"position\":1,\"name\":\"Anasayfa\",\"item\":\"https:\/\/livialuxuryaparthotel.com\/\"},{\"@type\":\"ListItem\",\"position\":2,\"name\":\"Haberler &#038; Blog\"}]},{\"@type\":\"WebSite\",\"@id\":\"https:\/\/livialuxuryaparthotel.com\/tr\/#website\",\"url\":\"https:\/\/livialuxuryaparthotel.com\/tr\/\",\"name\":\"Livia Luxury Apart Hotel - Antalya Konyaalt\u0131\",\"description\":\"Livia Luxury Apart Hotel, Antalya Konyaalt\u0131&#039;nda l\u00fcks ve konforlu konaklama imkan\u0131 sunar. Modern ve \u015f\u0131k dairelerimizde huzurlu bir tatil ge\u00e7irin.\",\"publisher\":{\"@id\":\"https:\/\/livialuxuryaparthotel.com\/tr\/#organization\"},\"potentialAction\":[{\"@type\":\"SearchAction\",\"target\":{\"@type\":\"EntryPoint\",\"urlTemplate\":\"https:\/\/livialuxuryaparthotel.com\/tr\/?s={search_term_string}\"},\"query-input\":{\"@type\":\"PropertyValueSpecification\",\"valueRequired\":true,\"valueName\":\"search_term_string\"}}],\"inLanguage\":\"ru-RU\"},{\"@type\":\"Organization\",\"@id\":\"https:\/\/livialuxuryaparthotel.com\/tr\/#organization\",\"name\":\"Livia Luxury Apart Hotel - Antalya Konyaalt\u0131\",\"url\":\"https:\/\/livialuxuryaparthotel.com\/tr\/\",\"logo\":{\"@type\":\"ImageObject\",\"inLanguage\":\"ru-RU\",\"@id\":\"https:\/\/livialuxuryaparthotel.com\/tr\/#\/schema\/logo\/image\/\",\"url\":\"https:\/\/livialuxuryaparthotel.com\/wp-content\/uploads\/2022\/12\/Livia.png\",\"contentUrl\":\"https:\/\/livialuxuryaparthotel.com\/wp-content\/uploads\/2022\/12\/Livia.png\",\"width\":1335,\"height\":510,\"caption\":\"Livia Luxury Apart Hotel - Antalya Konyaalt\u0131\"},\"image\":{\"@id\":\"https:\/\/livialuxuryaparthotel.com\/tr\/#\/schema\/logo\/image\/\"}}]}<\/script>\n<!-- \/ Yoast SEO plugin. -->","yoast_head_json":{"title":"Haberler & Blog - Livia Luxury Apart Hotel - Antalya Konyaalt\u0131","robots":{"index":"index","follow":"follow","max-snippet":"max-snippet:-1","max-image-preview":"max-image-preview:large","max-video-preview":"max-video-preview:-1"},"canonical":"https:\/\/livialuxuryaparthotel.com\/ru\/haberler-blog\/","og_locale":"ru_RU","og_type":"article","og_title":"Haberler & Blog - Livia Luxury Apart Hotel - Antalya Konyaalt\u0131","og_description":"The 8 best things about travel adventure Anasayfa 19Ara livialuxuryaparthote0 Yorumlar Things to see and do when visiting Japan There are many variations of but the majority have simply free [&hellip;]","og_url":"https:\/\/livialuxuryaparthotel.com\/ru\/haberler-blog\/","og_site_name":"Livia Luxury Apart Hotel - Antalya Konyaalt\u0131","article_modified_time":"2024-05-20T09:53:35+00:00","og_image":[{"url":"https:\/\/livialuxuryaparthotel.com\/wp-content\/uploads\/2022\/12\/blog-01-500x360.jpg","type":"","width":"","height":""}],"twitter_card":"summary_large_image","twitter_misc":{"\u041f\u0440\u0438\u043c\u0435\u0440\u043d\u043e\u0435 \u0432\u0440\u0435\u043c\u044f \u0434\u043b\u044f \u0447\u0442\u0435\u043d\u0438\u044f":"1 \u043c\u0438\u043d\u0443\u0442\u0430"},"schema":{"@context":"https:\/\/schema.org","@graph":[{"@type":"WebPage","@id":"https:\/\/livialuxuryaparthotel.com\/tr\/haberler-blog","url":"https:\/\/livialuxuryaparthotel.com\/tr\/haberler-blog","name":"Haberler & Blog - Livia Luxury Apart Hotel - Antalya Konyaalt\u0131","isPartOf":{"@id":"https:\/\/livialuxuryaparthotel.com\/tr\/#website"},"primaryImageOfPage":{"@id":"https:\/\/livialuxuryaparthotel.com\/tr\/haberler-blog#primaryimage"},"image":{"@id":"https:\/\/livialuxuryaparthotel.com\/tr\/haberler-blog#primaryimage"},"thumbnailUrl":"https:\/\/livialuxuryaparthotel.com\/wp-content\/uploads\/2022\/12\/blog-01-500x360.jpg","datePublished":"2022-12-19T02:30:10+00:00","dateModified":"2024-05-20T09:53:35+00:00","breadcrumb":{"@id":"https:\/\/livialuxuryaparthotel.com\/tr\/haberler-blog#breadcrumb"},"inLanguage":"ru-RU","potentialAction":[{"@type":"ReadAction","target":["https:\/\/livialuxuryaparthotel.com\/tr\/haberler-blog"]}]},{"@type":"ImageObject","inLanguage":"ru-RU","@id":"https:\/\/livialuxuryaparthotel.com\/tr\/haberler-blog#primaryimage","url":"https:\/\/livialuxuryaparthotel.com\/wp-content\/uploads\/2022\/12\/blog-01-500x360.jpg","contentUrl":"https:\/\/livialuxuryaparthotel.com\/wp-content\/uploads\/2022\/12\/blog-01-500x360.jpg"},{"@type":"BreadcrumbList","@id":"https:\/\/livialuxuryaparthotel.com\/tr\/haberler-blog#breadcrumb","itemListElement":[{"@type":"ListItem","position":1,"name":"Anasayfa","item":"https:\/\/livialuxuryaparthotel.com\/"},{"@type":"ListItem","position":2,"name":"Haberler &#038; Blog"}]},{"@type":"WebSite","@id":"https:\/\/livialuxuryaparthotel.com\/tr\/#website","url":"https:\/\/livialuxuryaparthotel.com\/tr\/","name":"Livia Luxury Apart Hotel - Antalya Konyaalt\u0131","description":"Livia Luxury Apart Hotel, Antalya Konyaalt\u0131&#039;nda l\u00fcks ve konforlu konaklama imkan\u0131 sunar. Modern ve \u015f\u0131k dairelerimizde huzurlu bir tatil ge\u00e7irin.","publisher":{"@id":"https:\/\/livialuxuryaparthotel.com\/tr\/#organization"},"potentialAction":[{"@type":"SearchAction","target":{"@type":"EntryPoint","urlTemplate":"https:\/\/livialuxuryaparthotel.com\/tr\/?s={search_term_string}"},"query-input":{"@type":"PropertyValueSpecification","valueRequired":true,"valueName":"search_term_string"}}],"inLanguage":"ru-RU"},{"@type":"Organization","@id":"https:\/\/livialuxuryaparthotel.com\/tr\/#organization","name":"Livia Luxury Apart Hotel - Antalya Konyaalt\u0131","url":"https:\/\/livialuxuryaparthotel.com\/tr\/","logo":{"@type":"ImageObject","inLanguage":"ru-RU","@id":"https:\/\/livialuxuryaparthotel.com\/tr\/#\/schema\/logo\/image\/","url":"https:\/\/livialuxuryaparthotel.com\/wp-content\/uploads\/2022\/12\/Livia.png","contentUrl":"https:\/\/livialuxuryaparthotel.com\/wp-content\/uploads\/2022\/12\/Livia.png","width":1335,"height":510,"caption":"Livia Luxury Apart Hotel - Antalya Konyaalt\u0131"},"image":{"@id":"https:\/\/livialuxuryaparthotel.com\/tr\/#\/schema\/logo\/image\/"}}]}},"_links":{"self":[{"href":"https:\/\/livialuxuryaparthotel.com\/ru\/wp-json\/wp\/v2\/pages\/483","targetHints":{"allow":["GET"]}}],"collection":[{"href":"https:\/\/livialuxuryaparthotel.com\/ru\/wp-json\/wp\/v2\/pages"}],"about":[{"href":"https:\/\/livialuxuryaparthotel.com\/ru\/wp-json\/wp\/v2\/types\/page"}],"author":[{"embeddable":true,"href":"https:\/\/livialuxuryaparthotel.com\/ru\/wp-json\/wp\/v2\/users\/1"}],"replies":[{"embeddable":true,"href":"https:\/\/livialuxuryaparthotel.com\/ru\/wp-json\/wp\/v2\/comments?post=483"}],"version-history":[{"count":4,"href":"https:\/\/livialuxuryaparthotel.com\/ru\/wp-json\/wp\/v2\/pages\/483\/revisions"}],"predecessor-version":[{"id":671,"href":"https:\/\/livialuxuryaparthotel.com\/ru\/wp-json\/wp\/v2\/pages\/483\/revisions\/671"}],"wp:attachment":[{"href":"https:\/\/livialuxuryaparthotel.com\/ru\/wp-json\/wp\/v2\/media?parent=483"}],"curies":[{"name":"wp","href":"https:\/\/api.w.org\/{rel}","templated":true}]}}