{"id":486,"date":"2022-12-19T02:30:45","date_gmt":"2022-12-19T02:30:45","guid":{"rendered":"https:\/\/gaviaspreview.com\/wp\/boliin\/?page_id=30"},"modified":"2024-06-10T06:21:07","modified_gmt":"2024-06-10T06:21:07","slug":"iletisim","status":"publish","type":"page","link":"https:\/\/livialuxuryaparthotel.com\/tr\/iletisim","title":{"rendered":"\u0130leti\u015fim"},"content":{"rendered":"\t\t<div data-elementor-type=\"wp-page\" data-elementor-id=\"486\" class=\"elementor elementor-486\">\n\t\t\t\t\t\t<section class=\"elementor-section elementor-top-section elementor-element elementor-element-f65563a elementor-section-full_width elementor-section-height-default elementor-section-height-default\" data-id=\"f65563a\" data-element_type=\"section\">\n\t\t\t\t\t\t<div class=\"elementor-container elementor-column-gap-default\">\n\t\t\t\t\t<div class=\"elementor-column elementor-col-100 elementor-top-column elementor-element elementor-element-d98a98b\" data-id=\"d98a98b\" data-element_type=\"column\">\n\t\t\t<div class=\"elementor-widget-wrap elementor-element-populated\">\n\t\t\t\t\t\t<div class=\"elementor-element elementor-element-c060d28 elementor-widget elementor-widget-gva_post_breadcrumb\" data-id=\"c060d28\" data-element_type=\"widget\" data-widget_type=\"gva_post_breadcrumb.default\">\n\t\t\t\t<div class=\"elementor-widget-container\">\n\t\t\t\t\t<div class=\"gva-element-gva_post_breadcrumb gva-element\">   \r\n<div class=\"post-breadcrumb\">\r\n   <div class=\"custom-breadcrumb \" >\r\n            <div class=\"breadcrumb-main\">\r\n        <div class=\"container\">\r\n          <div class=\"breadcrumb-container-inner align-center\">\r\n            <h2 class=\"heading-title\">\u0130leti\u015fim<\/h2><ol class=\"breadcrumb\"><li><a href=\"https:\/\/livialuxuryaparthotel.com\/tr\">Anasayfa<\/a> <\/li> <li class=\"active\">Sayfa<\/li><\/ol>          <\/div>  \r\n        <\/div>   \r\n      <\/div>  \r\n   <\/div>\r\n<\/div>      \r\n\r\n<\/div>\t\t\t\t<\/div>\n\t\t\t\t<\/div>\n\t\t\t\t\t<\/div>\n\t\t<\/div>\n\t\t\t\t\t<\/div>\n\t\t<\/section>\n\t\t\t\t<section class=\"elementor-section elementor-top-section elementor-element elementor-element-ce6dba8 elementor-section-boxed elementor-section-height-default elementor-section-height-default\" data-id=\"ce6dba8\" data-element_type=\"section\">\n\t\t\t\t\t\t<div class=\"elementor-container elementor-column-gap-default\">\n\t\t\t\t\t<div class=\"elementor-column elementor-col-66 elementor-top-column elementor-element elementor-element-f62713a\" data-id=\"f62713a\" data-element_type=\"column\">\n\t\t\t<div class=\"elementor-widget-wrap elementor-element-populated\">\n\t\t\t\t\t\t<div class=\"elementor-element elementor-element-d8d863d elementor-widget elementor-widget-gva-heading-block\" data-id=\"d8d863d\" data-element_type=\"widget\" data-widget_type=\"gva-heading-block.default\">\n\t\t\t\t<div class=\"elementor-widget-container\">\n\t\t\t\t\t<div class=\"gva-element-gva-heading-block gva-element\">   <div class=\"align-left style-1 widget gsc-heading box-align-left auto-responsive\">\r\n      <div class=\"content-inner\">\r\n         \r\n                  \r\n         <div class=\"heading-icon\"><span><img decoding=\"async\" src=\"https:\/\/livialuxuryaparthotel.com\/wp-content\/plugins\/boliin-themer\/elementor\/assets\/images\/icon-heading.png\" alt=\"Bize mesaj g\u00f6nder\" \/><\/span><\/div><div class=\"sub-title\"><span class=\"tagline\">Bizimle ileti\u015fime ge\u00e7<\/span><\/div>  \r\n         \r\n                     <h2 class=\"title\">\r\n               <span>Bize mesaj g\u00f6nder<\/span>\r\n            <\/h2>\r\n                  \r\n         \r\n         \r\n      <\/div>\r\n   <\/div>\r\n<\/div>\t\t\t\t<\/div>\n\t\t\t\t<\/div>\n\t\t\t\t<div class=\"elementor-element elementor-element-7046b2e elementor-widget elementor-widget-shortcode\" data-id=\"7046b2e\" data-element_type=\"widget\" data-widget_type=\"shortcode.default\">\n\t\t\t\t<div class=\"elementor-widget-container\">\n\t\t\t\t\t\t\t<div class=\"elementor-shortcode\">\n<div class=\"wpcf7 no-js\" id=\"wpcf7-f497-o1\" lang=\"en-US\" dir=\"ltr\" data-wpcf7-id=\"497\">\n<div class=\"screen-reader-response\"><p role=\"status\" aria-live=\"polite\" aria-atomic=\"true\"><\/p> <ul><\/ul><\/div>\n<form action=\"\/tr\/wp-json\/wp\/v2\/pages\/486#wpcf7-f497-o1\" method=\"post\" class=\"wpcf7-form init\" aria-label=\"Contact form\" novalidate=\"novalidate\" data-status=\"init\">\n<div style=\"display: none;\">\n<input type=\"hidden\" name=\"_wpcf7\" value=\"497\" \/>\n<input type=\"hidden\" name=\"_wpcf7_version\" value=\"6.0.6\" \/>\n<input type=\"hidden\" name=\"_wpcf7_locale\" value=\"en_US\" \/>\n<input type=\"hidden\" name=\"_wpcf7_unit_tag\" value=\"wpcf7-f497-o1\" \/>\n<input type=\"hidden\" name=\"_wpcf7_container_post\" value=\"0\" \/>\n<input type=\"hidden\" name=\"_wpcf7_posted_data_hash\" value=\"\" \/>\n<\/div>\n<div class=\"row\">\n   <div class=\"col-sm-6 col-xs-12\">\n     <span class=\"wpcf7-form-control-wrap\" data-name=\"your-name\"><input size=\"40\" maxlength=\"400\" class=\"wpcf7-form-control wpcf7-text wpcf7-validates-as-required\" aria-required=\"true\" aria-invalid=\"false\" placeholder=\"Ad\u0131n\u0131z Soyad\u0131n\u0131z\" value=\"\" type=\"text\" name=\"your-name\" \/><\/span>\n   <\/div>\n   <div class=\"col-sm-6 col-xs-12\">\n     <span class=\"wpcf7-form-control-wrap\" data-name=\"your-phone\"><input size=\"40\" maxlength=\"400\" class=\"wpcf7-form-control wpcf7-text wpcf7-validates-as-required\" aria-required=\"true\" aria-invalid=\"false\" placeholder=\"E-Posta Adresiniz\" value=\"\" type=\"text\" name=\"your-phone\" \/><\/span>\n   <\/div>\n<\/div>\n<div class=\"row\">\n   <div class=\"col-sm-6 col-xs-12\">\n      <span class=\"wpcf7-form-control-wrap\" data-name=\"your-email\"><input size=\"40\" maxlength=\"400\" class=\"wpcf7-form-control wpcf7-email wpcf7-validates-as-required wpcf7-text wpcf7-validates-as-email\" aria-required=\"true\" aria-invalid=\"false\" placeholder=\"Telefon Numaran\u0131z\" value=\"\" type=\"email\" name=\"your-email\" \/><\/span>\n   <\/div>\n   <div class=\"col-sm-6 col-xs-12\">\n      <span class=\"wpcf7-form-control-wrap\" data-name=\"your-subject\"><input size=\"40\" maxlength=\"400\" class=\"wpcf7-form-control wpcf7-text\" aria-invalid=\"false\" placeholder=\"Konu\" value=\"\" type=\"text\" name=\"your-subject\" \/><\/span>\n   <\/div>\n<\/div>\n<div class=\"row\">\n   <div class=\"col-sm-12 col-xs-12\">\n      <span class=\"wpcf7-form-control-wrap\" data-name=\"your-message\"><textarea cols=\"40\" rows=\"10\" maxlength=\"2000\" class=\"wpcf7-form-control wpcf7-textarea\" aria-invalid=\"false\" placeholder=\"Mesaj\u0131n\u0131z\" name=\"your-message\"><\/textarea><\/span>\n   <\/div>\n   <div class=\"col-sm-12 col-xs-12 action text-left\"><span class=\"form-action\"><input class=\"wpcf7-form-control wpcf7-submit has-spinner\" type=\"submit\" value=\"Mesaj\u0131 G\u00f6nder\" \/><\/span><\/div>\n<\/div><div class=\"wpcf7-response-output\" aria-hidden=\"true\"><\/div>\n<\/form>\n<\/div>\n<\/div>\n\t\t\t\t\t\t<\/div>\n\t\t\t\t<\/div>\n\t\t\t\t\t<\/div>\n\t\t<\/div>\n\t\t\t\t<div class=\"elementor-column elementor-col-33 elementor-top-column elementor-element elementor-element-3b6d25a\" data-id=\"3b6d25a\" data-element_type=\"column\" data-settings=\"{&quot;background_background&quot;:&quot;classic&quot;}\">\n\t\t\t<div class=\"elementor-widget-wrap elementor-element-populated\">\n\t\t\t\t\t\t<div class=\"elementor-element elementor-element-898a523 elementor-widget elementor-widget-heading\" data-id=\"898a523\" data-element_type=\"widget\" data-widget_type=\"heading.default\">\n\t\t\t\t<div class=\"elementor-widget-container\">\n\t\t\t\t\t<h2 class=\"elementor-heading-title elementor-size-default\">\u0130leti\u015fim Bilgilerimiz<\/h2>\t\t\t\t<\/div>\n\t\t\t\t<\/div>\n\t\t\t\t<div class=\"elementor-element elementor-element-5e3a4ec elementor-widget elementor-widget-gva-icon-box-styles\" data-id=\"5e3a4ec\" data-element_type=\"widget\" data-widget_type=\"gva-icon-box-styles.default\">\n\t\t\t\t<div class=\"elementor-widget-container\">\n\t\t\t\t\t<div class=\"gva-element-gva-icon-box-styles gva-element\">\r\n   \r\n          <div class=\"icon-style-three__single\">\r\n            <div class=\"icon-style-three__wrap\">\r\n               <div class=\"icon-style-three__icon\"><i aria-hidden=\"true\" class=\" bicon-address-1\"><\/i><\/div><h3 class=\"icon-style-three__title\">Adresimiz<\/h3>            <\/div> \r\n            <div class=\"icon-style-three__content\">\r\n               <div class=\"icon-style-three__desc\">G\u00fcrsu, 306. Sk. No:33, 07070 Konyaalt\u0131\/Antalya<\/div>            <\/div>\r\n         \r\n         \t\t  <a href=\"https:\/\/www.google.com\/maps\/place\/Livia+Luxury+Apart+Hotel\/@36.8602351,30.6321259,17z\/data=!3m1!4b1!4m9!3m8!1s0x14c3913e64656793:0xb65c72cff9bcaaef!5m2!4m1!1i2!8m2!3d36.8602351!4d30.6321259!16s%2Fg%2F11frm3ywct?entry=ttu\" class=\"icon-style-three__link\">\r\n\t\t\t \t\t  <\/a>\r\n\t\t         <\/div>  \r\n   \r\n   \r\n<\/div>\t\t\t\t<\/div>\n\t\t\t\t<\/div>\n\t\t\t\t<div class=\"elementor-element elementor-element-afeb930 elementor-widget elementor-widget-gva-icon-box-styles\" data-id=\"afeb930\" data-element_type=\"widget\" data-widget_type=\"gva-icon-box-styles.default\">\n\t\t\t\t<div class=\"elementor-widget-container\">\n\t\t\t\t\t<div class=\"gva-element-gva-icon-box-styles gva-element\">\r\n   \r\n          <div class=\"icon-style-three__single\">\r\n            <div class=\"icon-style-three__wrap\">\r\n               <div class=\"icon-style-three__icon\"><i aria-hidden=\"true\" class=\" bicon-calling\"><\/i><\/div><h3 class=\"icon-style-three__title\">Telefon Numaram\u0131z<\/h3>            <\/div> \r\n            <div class=\"icon-style-three__content\">\r\n               <div class=\"icon-style-three__desc\">+90(555) 172 88 07<\/div>            <\/div>\r\n         \r\n         \t\t  <a href=\"tel:+90(555) 172 88 07\" class=\"icon-style-three__link\">\r\n\t\t\t \t\t  <\/a>\r\n\t\t         <\/div>  \r\n   \r\n   \r\n<\/div>\t\t\t\t<\/div>\n\t\t\t\t<\/div>\n\t\t\t\t<div class=\"elementor-element elementor-element-29e5694 elementor-widget elementor-widget-gva-icon-box-styles\" data-id=\"29e5694\" data-element_type=\"widget\" data-widget_type=\"gva-icon-box-styles.default\">\n\t\t\t\t<div class=\"elementor-widget-container\">\n\t\t\t\t\t<div class=\"gva-element-gva-icon-box-styles gva-element\">\r\n   \r\n          <div class=\"icon-style-three__single\">\r\n            <div class=\"icon-style-three__wrap\">\r\n               <div class=\"icon-style-three__icon\"><i aria-hidden=\"true\" class=\" bicon-calling\"><\/i><\/div><h3 class=\"icon-style-three__title\">E-Posta Adresimiz<\/h3>            <\/div> \r\n            <div class=\"icon-style-three__content\">\r\n               <div class=\"icon-style-three__desc\">info@livialuxuryaparthotel.com<\/div>            <\/div>\r\n         \r\n                <\/div>  \r\n   \r\n   \r\n<\/div>\t\t\t\t<\/div>\n\t\t\t\t<\/div>\n\t\t\t\t<div class=\"elementor-element elementor-element-a8bd25f elementor-shape-circle e-grid-align-left elementor-grid-0 elementor-widget elementor-widget-social-icons\" data-id=\"a8bd25f\" data-element_type=\"widget\" data-widget_type=\"social-icons.default\">\n\t\t\t\t<div class=\"elementor-widget-container\">\n\t\t\t\t\t\t\t<div class=\"elementor-social-icons-wrapper elementor-grid\">\n\t\t\t\t\t\t\t<span class=\"elementor-grid-item\">\n\t\t\t\t\t<a class=\"elementor-icon elementor-social-icon elementor-social-icon-facebook elementor-repeater-item-2cd1b49\" href=\"https:\/\/www.facebook.com\/livialuxuryhoteltr\/?\" target=\"_blank\">\n\t\t\t\t\t\t<span class=\"elementor-screen-only\">Facebook<\/span>\n\t\t\t\t\t\t<i class=\"fab fa-facebook\"><\/i>\t\t\t\t\t<\/a>\n\t\t\t\t<\/span>\n\t\t\t\t\t\t\t<span class=\"elementor-grid-item\">\n\t\t\t\t\t<a class=\"elementor-icon elementor-social-icon elementor-social-icon-instagram elementor-repeater-item-fbc429b\" href=\"https:\/\/www.instagram.com\/livialuxuryhoteltr\/\" target=\"_blank\">\n\t\t\t\t\t\t<span class=\"elementor-screen-only\">Instagram<\/span>\n\t\t\t\t\t\t<i class=\"fab fa-instagram\"><\/i>\t\t\t\t\t<\/a>\n\t\t\t\t<\/span>\n\t\t\t\t\t<\/div>\n\t\t\t\t\t\t<\/div>\n\t\t\t\t<\/div>\n\t\t\t\t\t<\/div>\n\t\t<\/div>\n\t\t\t\t\t<\/div>\n\t\t<\/section>\n\t\t\t\t<section class=\"elementor-section elementor-top-section elementor-element elementor-element-e408315 elementor-section-boxed elementor-section-height-default elementor-section-height-default\" data-id=\"e408315\" data-element_type=\"section\">\n\t\t\t\t\t\t<div class=\"elementor-container elementor-column-gap-default\">\n\t\t\t\t\t<div class=\"elementor-column elementor-col-100 elementor-top-column elementor-element elementor-element-3e5a49d\" data-id=\"3e5a49d\" data-element_type=\"column\">\n\t\t\t<div class=\"elementor-widget-wrap elementor-element-populated\">\n\t\t\t\t\t\t<div class=\"elementor-element elementor-element-ce17275 elementor-widget elementor-widget-google_maps\" data-id=\"ce17275\" data-element_type=\"widget\" data-widget_type=\"google_maps.default\">\n\t\t\t\t<div class=\"elementor-widget-container\">\n\t\t\t\t\t\t\t<div class=\"elementor-custom-embed\">\n\t\t\t<iframe loading=\"lazy\"\n\t\t\t\t\tsrc=\"https:\/\/maps.google.com\/maps?q=G%C3%BCrsu%2C%20306.%20Sk.%20No%3A33%2C%2007070%20Konyaalt%C4%B1%2FAntalya&#038;t=m&#038;z=16&#038;output=embed&#038;iwloc=near\"\n\t\t\t\t\ttitle=\"G\u00fcrsu, 306. Sk. No:33, 07070 Konyaalt\u0131\/Antalya\"\n\t\t\t\t\taria-label=\"G\u00fcrsu, 306. Sk. No:33, 07070 Konyaalt\u0131\/Antalya\"\n\t\t\t><\/iframe>\n\t\t<\/div>\n\t\t\t\t\t\t<\/div>\n\t\t\t\t<\/div>\n\t\t\t\t\t<\/div>\n\t\t<\/div>\n\t\t\t\t\t<\/div>\n\t\t<\/section>\n\t\t\t\t<section class=\"elementor-section elementor-top-section elementor-element elementor-element-75fb11a elementor-section-boxed elementor-section-height-default elementor-section-height-default\" data-id=\"75fb11a\" data-element_type=\"section\">\n\t\t\t\t\t\t<div class=\"elementor-container elementor-column-gap-default\">\n\t\t\t\t\t<div class=\"elementor-column elementor-col-100 elementor-top-column elementor-element elementor-element-0eff8ff\" data-id=\"0eff8ff\" data-element_type=\"column\">\n\t\t\t<div class=\"elementor-widget-wrap elementor-element-populated\">\n\t\t\t\t\t\t<div class=\"elementor-element elementor-element-5c5861d elementor-widget elementor-widget-html\" data-id=\"5c5861d\" data-element_type=\"widget\" data-widget_type=\"html.default\">\n\t\t\t\t<div class=\"elementor-widget-container\">\n\t\t\t\t\t<style type='text\/css'>@import url(\/\/d2uyahi4tkntqv.cloudfront.net\/assets\/shared.booknow.css?v=1.0.0); <\/style><style type='text\/css'>@import url(\/\/d2uyahi4tkntqv.cloudfront.net\/assets\/search_widget.css?v=1.0.0); <\/style><div id='hr_search_widget'><\/div><script id='hr_widget_script' async='true' src='\/\/livia-luxury-apart-hotel.hotelrunner.com\/widgets\/c80907facaa8d41e35cb\/search_widget.js?v=1.0.0'><\/script>\t\t\t\t<\/div>\n\t\t\t\t<\/div>\n\t\t\t\t\t<\/div>\n\t\t<\/div>\n\t\t\t\t\t<\/div>\n\t\t<\/section>\n\t\t\t\t<\/div>\n\t\t","protected":false},"excerpt":{"rendered":"<p>\u0130leti\u015fim Anasayfa Sayfa Bizimle ileti\u015fime ge\u00e7 Bize mesaj g\u00f6nder \u0130leti\u015fim Bilgilerimiz Adresimiz G\u00fcrsu, 306. Sk. No:33, 07070 Konyaalt\u0131\/Antalya Telefon Numaram\u0131z +90(555) 172 88 07 E-Posta Adresimiz info@livialuxuryaparthotel.com Facebook Instagram<\/p>\n","protected":false},"author":1,"featured_media":0,"parent":0,"menu_order":0,"comment_status":"closed","ping_status":"closed","template":"","meta":{"footnotes":""},"class_list":["post-486","page","type-page","status-publish","hentry"],"yoast_head":"<!-- This site is optimized with the Yoast SEO plugin v25.1 - https:\/\/yoast.com\/wordpress\/plugins\/seo\/ -->\n<title>\u0130leti\u015fim - Livia Luxury Apart Hotel - Antalya Konyaalt\u0131<\/title>\n<meta name=\"robots\" content=\"index, follow, max-snippet:-1, max-image-preview:large, max-video-preview:-1\" \/>\n<link rel=\"canonical\" href=\"https:\/\/livialuxuryaparthotel.com\/tr\/iletisim\/\" \/>\n<meta property=\"og:locale\" content=\"tr_TR\" \/>\n<meta property=\"og:type\" content=\"article\" \/>\n<meta property=\"og:title\" content=\"\u0130leti\u015fim - Livia Luxury Apart Hotel - Antalya Konyaalt\u0131\" \/>\n<meta property=\"og:description\" content=\"\u0130leti\u015fim Anasayfa Sayfa Bizimle ileti\u015fime ge\u00e7 Bize mesaj g\u00f6nder \u0130leti\u015fim Bilgilerimiz Adresimiz G\u00fcrsu, 306. Sk. No:33, 07070 Konyaalt\u0131\/Antalya Telefon Numaram\u0131z +90(555) 172 88 07 E-Posta Adresimiz info@livialuxuryaparthotel.com Facebook Instagram\" \/>\n<meta property=\"og:url\" content=\"https:\/\/livialuxuryaparthotel.com\/tr\/iletisim\/\" \/>\n<meta property=\"og:site_name\" content=\"Livia Luxury Apart Hotel - Antalya Konyaalt\u0131\" \/>\n<meta property=\"article:modified_time\" content=\"2024-06-10T06:21:07+00:00\" \/>\n<meta property=\"og:image\" content=\"https:\/\/livialuxuryaparthotel.com\/wp-content\/plugins\/boliin-themer\/elementor\/assets\/images\/icon-heading.png\" \/>\n<meta name=\"twitter:card\" content=\"summary_large_image\" \/>\n<meta name=\"twitter:label1\" content=\"Tahmini okuma s\u00fcresi\" \/>\n\t<meta name=\"twitter:data1\" content=\"1 dakika\" \/>\n<script type=\"application\/ld+json\" class=\"yoast-schema-graph\">{\"@context\":\"https:\/\/schema.org\",\"@graph\":[{\"@type\":\"WebPage\",\"@id\":\"https:\/\/livialuxuryaparthotel.com\/en\/iletisim\",\"url\":\"https:\/\/livialuxuryaparthotel.com\/en\/iletisim\",\"name\":\"\u0130leti\u015fim - Livia Luxury Apart Hotel - Antalya Konyaalt\u0131\",\"isPartOf\":{\"@id\":\"https:\/\/livialuxuryaparthotel.com\/tr\/#website\"},\"primaryImageOfPage\":{\"@id\":\"https:\/\/livialuxuryaparthotel.com\/en\/iletisim#primaryimage\"},\"image\":{\"@id\":\"https:\/\/livialuxuryaparthotel.com\/en\/iletisim#primaryimage\"},\"thumbnailUrl\":\"https:\/\/livialuxuryaparthotel.com\/wp-content\/plugins\/boliin-themer\/elementor\/assets\/images\/icon-heading.png\",\"datePublished\":\"2022-12-19T02:30:45+00:00\",\"dateModified\":\"2024-06-10T06:21:07+00:00\",\"breadcrumb\":{\"@id\":\"https:\/\/livialuxuryaparthotel.com\/en\/iletisim#breadcrumb\"},\"inLanguage\":\"tr\",\"potentialAction\":[{\"@type\":\"ReadAction\",\"target\":[\"https:\/\/livialuxuryaparthotel.com\/en\/iletisim\"]}]},{\"@type\":\"ImageObject\",\"inLanguage\":\"tr\",\"@id\":\"https:\/\/livialuxuryaparthotel.com\/en\/iletisim#primaryimage\",\"url\":\"https:\/\/livialuxuryaparthotel.com\/wp-content\/plugins\/boliin-themer\/elementor\/assets\/images\/icon-heading.png\",\"contentUrl\":\"https:\/\/livialuxuryaparthotel.com\/wp-content\/plugins\/boliin-themer\/elementor\/assets\/images\/icon-heading.png\"},{\"@type\":\"BreadcrumbList\",\"@id\":\"https:\/\/livialuxuryaparthotel.com\/en\/iletisim#breadcrumb\",\"itemListElement\":[{\"@type\":\"ListItem\",\"position\":1,\"name\":\"Anasayfa\",\"item\":\"https:\/\/livialuxuryaparthotel.com\/\"},{\"@type\":\"ListItem\",\"position\":2,\"name\":\"\u0130leti\u015fim\"}]},{\"@type\":\"WebSite\",\"@id\":\"https:\/\/livialuxuryaparthotel.com\/tr\/#website\",\"url\":\"https:\/\/livialuxuryaparthotel.com\/tr\/\",\"name\":\"Livia Luxury Apart Hotel - Antalya Konyaalt\u0131\",\"description\":\"Livia Luxury Apart Hotel, Antalya Konyaalt\u0131&#039;nda l\u00fcks ve konforlu konaklama imkan\u0131 sunar. Modern ve \u015f\u0131k dairelerimizde huzurlu bir tatil ge\u00e7irin.\",\"publisher\":{\"@id\":\"https:\/\/livialuxuryaparthotel.com\/tr\/#organization\"},\"potentialAction\":[{\"@type\":\"SearchAction\",\"target\":{\"@type\":\"EntryPoint\",\"urlTemplate\":\"https:\/\/livialuxuryaparthotel.com\/tr\/?s={search_term_string}\"},\"query-input\":{\"@type\":\"PropertyValueSpecification\",\"valueRequired\":true,\"valueName\":\"search_term_string\"}}],\"inLanguage\":\"tr\"},{\"@type\":\"Organization\",\"@id\":\"https:\/\/livialuxuryaparthotel.com\/tr\/#organization\",\"name\":\"Livia Luxury Apart Hotel - Antalya Konyaalt\u0131\",\"url\":\"https:\/\/livialuxuryaparthotel.com\/tr\/\",\"logo\":{\"@type\":\"ImageObject\",\"inLanguage\":\"tr\",\"@id\":\"https:\/\/livialuxuryaparthotel.com\/tr\/#\/schema\/logo\/image\/\",\"url\":\"https:\/\/livialuxuryaparthotel.com\/wp-content\/uploads\/2022\/12\/Livia.png\",\"contentUrl\":\"https:\/\/livialuxuryaparthotel.com\/wp-content\/uploads\/2022\/12\/Livia.png\",\"width\":1335,\"height\":510,\"caption\":\"Livia Luxury Apart Hotel - Antalya Konyaalt\u0131\"},\"image\":{\"@id\":\"https:\/\/livialuxuryaparthotel.com\/tr\/#\/schema\/logo\/image\/\"}}]}<\/script>\n<!-- \/ Yoast SEO plugin. -->","yoast_head_json":{"title":"\u0130leti\u015fim - Livia Luxury Apart Hotel - Antalya Konyaalt\u0131","robots":{"index":"index","follow":"follow","max-snippet":"max-snippet:-1","max-image-preview":"max-image-preview:large","max-video-preview":"max-video-preview:-1"},"canonical":"https:\/\/livialuxuryaparthotel.com\/tr\/iletisim\/","og_locale":"tr_TR","og_type":"article","og_title":"\u0130leti\u015fim - Livia Luxury Apart Hotel - Antalya Konyaalt\u0131","og_description":"\u0130leti\u015fim Anasayfa Sayfa Bizimle ileti\u015fime ge\u00e7 Bize mesaj g\u00f6nder \u0130leti\u015fim Bilgilerimiz Adresimiz G\u00fcrsu, 306. Sk. No:33, 07070 Konyaalt\u0131\/Antalya Telefon Numaram\u0131z +90(555) 172 88 07 E-Posta Adresimiz info@livialuxuryaparthotel.com Facebook Instagram","og_url":"https:\/\/livialuxuryaparthotel.com\/tr\/iletisim\/","og_site_name":"Livia Luxury Apart Hotel - Antalya Konyaalt\u0131","article_modified_time":"2024-06-10T06:21:07+00:00","og_image":[{"url":"https:\/\/livialuxuryaparthotel.com\/wp-content\/plugins\/boliin-themer\/elementor\/assets\/images\/icon-heading.png","type":"","width":"","height":""}],"twitter_card":"summary_large_image","twitter_misc":{"Tahmini okuma s\u00fcresi":"1 dakika"},"schema":{"@context":"https:\/\/schema.org","@graph":[{"@type":"WebPage","@id":"https:\/\/livialuxuryaparthotel.com\/en\/iletisim","url":"https:\/\/livialuxuryaparthotel.com\/en\/iletisim","name":"\u0130leti\u015fim - Livia Luxury Apart Hotel - Antalya Konyaalt\u0131","isPartOf":{"@id":"https:\/\/livialuxuryaparthotel.com\/tr\/#website"},"primaryImageOfPage":{"@id":"https:\/\/livialuxuryaparthotel.com\/en\/iletisim#primaryimage"},"image":{"@id":"https:\/\/livialuxuryaparthotel.com\/en\/iletisim#primaryimage"},"thumbnailUrl":"https:\/\/livialuxuryaparthotel.com\/wp-content\/plugins\/boliin-themer\/elementor\/assets\/images\/icon-heading.png","datePublished":"2022-12-19T02:30:45+00:00","dateModified":"2024-06-10T06:21:07+00:00","breadcrumb":{"@id":"https:\/\/livialuxuryaparthotel.com\/en\/iletisim#breadcrumb"},"inLanguage":"tr","potentialAction":[{"@type":"ReadAction","target":["https:\/\/livialuxuryaparthotel.com\/en\/iletisim"]}]},{"@type":"ImageObject","inLanguage":"tr","@id":"https:\/\/livialuxuryaparthotel.com\/en\/iletisim#primaryimage","url":"https:\/\/livialuxuryaparthotel.com\/wp-content\/plugins\/boliin-themer\/elementor\/assets\/images\/icon-heading.png","contentUrl":"https:\/\/livialuxuryaparthotel.com\/wp-content\/plugins\/boliin-themer\/elementor\/assets\/images\/icon-heading.png"},{"@type":"BreadcrumbList","@id":"https:\/\/livialuxuryaparthotel.com\/en\/iletisim#breadcrumb","itemListElement":[{"@type":"ListItem","position":1,"name":"Anasayfa","item":"https:\/\/livialuxuryaparthotel.com\/"},{"@type":"ListItem","position":2,"name":"\u0130leti\u015fim"}]},{"@type":"WebSite","@id":"https:\/\/livialuxuryaparthotel.com\/tr\/#website","url":"https:\/\/livialuxuryaparthotel.com\/tr\/","name":"Livia Luxury Apart Hotel - Antalya Konyaalt\u0131","description":"Livia Luxury Apart Hotel, Antalya Konyaalt\u0131&#039;nda l\u00fcks ve konforlu konaklama imkan\u0131 sunar. Modern ve \u015f\u0131k dairelerimizde huzurlu bir tatil ge\u00e7irin.","publisher":{"@id":"https:\/\/livialuxuryaparthotel.com\/tr\/#organization"},"potentialAction":[{"@type":"SearchAction","target":{"@type":"EntryPoint","urlTemplate":"https:\/\/livialuxuryaparthotel.com\/tr\/?s={search_term_string}"},"query-input":{"@type":"PropertyValueSpecification","valueRequired":true,"valueName":"search_term_string"}}],"inLanguage":"tr"},{"@type":"Organization","@id":"https:\/\/livialuxuryaparthotel.com\/tr\/#organization","name":"Livia Luxury Apart Hotel - Antalya Konyaalt\u0131","url":"https:\/\/livialuxuryaparthotel.com\/tr\/","logo":{"@type":"ImageObject","inLanguage":"tr","@id":"https:\/\/livialuxuryaparthotel.com\/tr\/#\/schema\/logo\/image\/","url":"https:\/\/livialuxuryaparthotel.com\/wp-content\/uploads\/2022\/12\/Livia.png","contentUrl":"https:\/\/livialuxuryaparthotel.com\/wp-content\/uploads\/2022\/12\/Livia.png","width":1335,"height":510,"caption":"Livia Luxury Apart Hotel - Antalya Konyaalt\u0131"},"image":{"@id":"https:\/\/livialuxuryaparthotel.com\/tr\/#\/schema\/logo\/image\/"}}]}},"_links":{"self":[{"href":"https:\/\/livialuxuryaparthotel.com\/tr\/wp-json\/wp\/v2\/pages\/486","targetHints":{"allow":["GET"]}}],"collection":[{"href":"https:\/\/livialuxuryaparthotel.com\/tr\/wp-json\/wp\/v2\/pages"}],"about":[{"href":"https:\/\/livialuxuryaparthotel.com\/tr\/wp-json\/wp\/v2\/types\/page"}],"author":[{"embeddable":true,"href":"https:\/\/livialuxuryaparthotel.com\/tr\/wp-json\/wp\/v2\/users\/1"}],"replies":[{"embeddable":true,"href":"https:\/\/livialuxuryaparthotel.com\/tr\/wp-json\/wp\/v2\/comments?post=486"}],"version-history":[{"count":22,"href":"https:\/\/livialuxuryaparthotel.com\/tr\/wp-json\/wp\/v2\/pages\/486\/revisions"}],"predecessor-version":[{"id":984,"href":"https:\/\/livialuxuryaparthotel.com\/tr\/wp-json\/wp\/v2\/pages\/486\/revisions\/984"}],"wp:attachment":[{"href":"https:\/\/livialuxuryaparthotel.com\/tr\/wp-json\/wp\/v2\/media?parent=486"}],"curies":[{"name":"wp","href":"https:\/\/api.w.org\/{rel}","templated":true}]}}