{"id":488,"date":"2022-12-19T02:31:07","date_gmt":"2022-12-19T02:31:07","guid":{"rendered":"https:\/\/gaviaspreview.com\/wp\/boliin\/?page_id=32"},"modified":"2024-05-20T09:35:20","modified_gmt":"2024-05-20T09:35:20","slug":"galeri","status":"publish","type":"page","link":"https:\/\/livialuxuryaparthotel.com\/tr\/galeri","title":{"rendered":"Galeri"},"content":{"rendered":"\t\t<div data-elementor-type=\"wp-page\" data-elementor-id=\"488\" class=\"elementor elementor-488\">\n\t\t\t\t\t\t<section class=\"elementor-section elementor-top-section elementor-element elementor-element-fd202d3 elementor-section-boxed elementor-section-height-default elementor-section-height-default\" data-id=\"fd202d3\" data-element_type=\"section\" data-settings=\"{&quot;background_background&quot;:&quot;slideshow&quot;,&quot;background_slideshow_gallery&quot;:[{&quot;id&quot;:618,&quot;url&quot;:&quot;https:\\\/\\\/livialuxuryaparthotel.com\\\/wp-content\\\/uploads\\\/2024\\\/05\\\/IMG_5862-scaled.jpg&quot;},{&quot;id&quot;:624,&quot;url&quot;:&quot;https:\\\/\\\/livialuxuryaparthotel.com\\\/wp-content\\\/uploads\\\/2024\\\/05\\\/IMG_5960-scaled.jpg&quot;},{&quot;id&quot;:623,&quot;url&quot;:&quot;https:\\\/\\\/livialuxuryaparthotel.com\\\/wp-content\\\/uploads\\\/2024\\\/05\\\/IMG_5954-scaled.jpg&quot;},{&quot;id&quot;:622,&quot;url&quot;:&quot;https:\\\/\\\/livialuxuryaparthotel.com\\\/wp-content\\\/uploads\\\/2024\\\/05\\\/IMG_5936-scaled.jpg&quot;},{&quot;id&quot;:621,&quot;url&quot;:&quot;https:\\\/\\\/livialuxuryaparthotel.com\\\/wp-content\\\/uploads\\\/2024\\\/05\\\/IMG_5901-1-scaled.jpg&quot;},{&quot;id&quot;:620,&quot;url&quot;:&quot;https:\\\/\\\/livialuxuryaparthotel.com\\\/wp-content\\\/uploads\\\/2024\\\/05\\\/IMG_5882.jpg&quot;},{&quot;id&quot;:619,&quot;url&quot;:&quot;https:\\\/\\\/livialuxuryaparthotel.com\\\/wp-content\\\/uploads\\\/2024\\\/05\\\/IMG_5870-scaled.jpg&quot;}],&quot;background_slideshow_ken_burns&quot;:&quot;yes&quot;,&quot;background_slideshow_loop&quot;:&quot;yes&quot;,&quot;background_slideshow_slide_duration&quot;:5000,&quot;background_slideshow_slide_transition&quot;:&quot;fade&quot;,&quot;background_slideshow_transition_duration&quot;:500,&quot;background_slideshow_ken_burns_zoom_direction&quot;:&quot;in&quot;}\">\n\t\t\t\t\t\t\t<div class=\"elementor-background-overlay\"><\/div>\n\t\t\t\t\t\t\t<div class=\"elementor-container elementor-column-gap-default\">\n\t\t\t\t\t<div class=\"elementor-column elementor-col-100 elementor-top-column elementor-element elementor-element-ba7dad5\" data-id=\"ba7dad5\" data-element_type=\"column\">\n\t\t\t<div class=\"elementor-widget-wrap elementor-element-populated\">\n\t\t\t\t\t\t<div class=\"elementor-element elementor-element-fab46f7 elementor-widget elementor-widget-gva-heading-block\" data-id=\"fab46f7\" data-element_type=\"widget\" data-widget_type=\"gva-heading-block.default\">\n\t\t\t\t<div class=\"elementor-widget-container\">\n\t\t\t\t\t<div class=\"gva-element-gva-heading-block gva-element\">   <div class=\"align-left style-1 widget gsc-heading box-align-left auto-responsive\">\r\n      <div class=\"content-inner\">\r\n         \r\n                  \r\n           \r\n         \r\n                     <h2 class=\"title\">\r\n               <span>Galeri<\/span>\r\n            <\/h2>\r\n                  \r\n         \r\n         \r\n      <\/div>\r\n   <\/div>\r\n<\/div>\t\t\t\t<\/div>\n\t\t\t\t<\/div>\n\t\t\t\t\t<\/div>\n\t\t<\/div>\n\t\t\t\t\t<\/div>\n\t\t<\/section>\n\t\t\t\t<section class=\"elementor-section elementor-top-section elementor-element elementor-element-86f2921 elementor-section-boxed elementor-section-height-default elementor-section-height-default\" data-id=\"86f2921\" data-element_type=\"section\">\n\t\t\t\t\t\t<div class=\"elementor-container elementor-column-gap-default\">\n\t\t\t\t\t<div class=\"elementor-column elementor-col-100 elementor-top-column elementor-element elementor-element-5b19db5\" data-id=\"5b19db5\" data-element_type=\"column\">\n\t\t\t<div class=\"elementor-widget-wrap elementor-element-populated\">\n\t\t\t\t\t\t<div class=\"elementor-element elementor-element-a60bfef elementor-widget elementor-widget-gva-gallery\" data-id=\"a60bfef\" data-element_type=\"widget\" data-widget_type=\"gva-gallery.default\">\n\t\t\t\t<div class=\"elementor-widget-container\">\n\t\t\t\t\t<div class=\"gva-element-gva-gallery gva-element\">  \r\n<div class=\"gva-gallery-grid clearfix \">\r\n\t<div class=\"gva-content-items\"> \r\n\t  \t<div class=\"lg-block-grid-3 md-block-grid-3 sm-block-grid-2 xs-block-grid-2 xx-block-grid-1\">\r\n\t\t \t<div class=\"item\"><div class=\"gallery-two__single\"><div class=\"gallery-two__image\"><img decoding=\"async\" src=\"https:\/\/livialuxuryaparthotel.com\/wp-content\/uploads\/2024\/05\/IMG_6068-600x540.jpg\" alt=\"Livia Luxury Apart Hotel\" \/><\/div><a class=\"gallery-two__photo photo-gallery\" href=\"https:\/\/livialuxuryaparthotel.com\/wp-content\/uploads\/2024\/05\/IMG_6068-scaled.jpg\" data-elementor-lightbox-slideshow=\"gallery-01ts\"><i class=\"fab fa-instagram\"><\/i><\/a><\/div><\/div><div class=\"item\"><div class=\"gallery-two__single\"><div class=\"gallery-two__image\"><img decoding=\"async\" src=\"https:\/\/livialuxuryaparthotel.com\/wp-content\/uploads\/2024\/05\/IMG_6136-600x540.jpg\" alt=\"Livia Luxury Apart Hotel\" \/><\/div><a class=\"gallery-two__photo photo-gallery\" href=\"https:\/\/livialuxuryaparthotel.com\/wp-content\/uploads\/2024\/05\/IMG_6136-scaled.jpg\" data-elementor-lightbox-slideshow=\"gallery-01ts\"><i class=\"fab fa-instagram\"><\/i><\/a><\/div><\/div><div class=\"item\"><div class=\"gallery-two__single\"><div class=\"gallery-two__image\"><img decoding=\"async\" src=\"https:\/\/livialuxuryaparthotel.com\/wp-content\/uploads\/2024\/05\/IMG_5978-600x540.jpg\" alt=\"Livia Luxury Apart Hotel\" \/><\/div><a class=\"gallery-two__photo photo-gallery\" href=\"https:\/\/livialuxuryaparthotel.com\/wp-content\/uploads\/2024\/05\/IMG_5978-scaled.jpg\" data-elementor-lightbox-slideshow=\"gallery-01ts\"><i class=\"fab fa-instagram\"><\/i><\/a><\/div><\/div><div class=\"item\"><div class=\"gallery-two__single\"><div class=\"gallery-two__image\"><img decoding=\"async\" src=\"https:\/\/livialuxuryaparthotel.com\/wp-content\/uploads\/2024\/05\/IMG_6120-600x540.jpg\" alt=\"Livia Luxury Apart Hotel\" \/><\/div><a class=\"gallery-two__photo photo-gallery\" href=\"https:\/\/livialuxuryaparthotel.com\/wp-content\/uploads\/2024\/05\/IMG_6120-scaled.jpg\" data-elementor-lightbox-slideshow=\"gallery-01ts\"><i class=\"fab fa-instagram\"><\/i><\/a><\/div><\/div><div class=\"item\"><div class=\"gallery-two__single\"><div class=\"gallery-two__image\"><img decoding=\"async\" src=\"https:\/\/livialuxuryaparthotel.com\/wp-content\/uploads\/2024\/05\/IMG_5960-600x540.jpg\" alt=\"Livia Luxury Apart Hotel\" \/><\/div><a class=\"gallery-two__photo photo-gallery\" href=\"https:\/\/livialuxuryaparthotel.com\/wp-content\/uploads\/2024\/05\/IMG_5960-scaled.jpg\" data-elementor-lightbox-slideshow=\"gallery-01ts\"><i class=\"fab fa-instagram\"><\/i><\/a><\/div><\/div><div class=\"item\"><div class=\"gallery-two__single\"><div class=\"gallery-two__image\"><img decoding=\"async\" src=\"https:\/\/livialuxuryaparthotel.com\/wp-content\/uploads\/2024\/05\/IMG_5954-600x540.jpg\" alt=\"Livia Luxury Apart Hotel\" \/><\/div><a class=\"gallery-two__photo photo-gallery\" href=\"https:\/\/livialuxuryaparthotel.com\/wp-content\/uploads\/2024\/05\/IMG_5954-scaled.jpg\" data-elementor-lightbox-slideshow=\"gallery-01ts\"><i class=\"fab fa-instagram\"><\/i><\/a><\/div><\/div><div class=\"item\"><div class=\"gallery-two__single\"><div class=\"gallery-two__image\"><img decoding=\"async\" src=\"https:\/\/livialuxuryaparthotel.com\/wp-content\/uploads\/2024\/05\/IMG_5936-600x540.jpg\" alt=\"Livia Luxury Apart Hotel\" \/><\/div><a class=\"gallery-two__photo photo-gallery\" href=\"https:\/\/livialuxuryaparthotel.com\/wp-content\/uploads\/2024\/05\/IMG_5936-scaled.jpg\" data-elementor-lightbox-slideshow=\"gallery-01ts\"><i class=\"fab fa-instagram\"><\/i><\/a><\/div><\/div><div class=\"item\"><div class=\"gallery-two__single\"><div class=\"gallery-two__image\"><img decoding=\"async\" src=\"https:\/\/livialuxuryaparthotel.com\/wp-content\/uploads\/2024\/05\/IMG_5901-1-600x540.jpg\" alt=\"Livia Luxury Apart Hotel\" \/><\/div><a class=\"gallery-two__photo photo-gallery\" href=\"https:\/\/livialuxuryaparthotel.com\/wp-content\/uploads\/2024\/05\/IMG_5901-1-scaled.jpg\" data-elementor-lightbox-slideshow=\"gallery-01ts\"><i class=\"fab fa-instagram\"><\/i><\/a><\/div><\/div><div class=\"item\"><div class=\"gallery-two__single\"><div class=\"gallery-two__image\"><img decoding=\"async\" src=\"https:\/\/livialuxuryaparthotel.com\/wp-content\/uploads\/2024\/05\/IMG_5882-600x540.jpg\" alt=\"Livia Luxury Apart Hotel\" \/><\/div><a class=\"gallery-two__photo photo-gallery\" href=\"https:\/\/livialuxuryaparthotel.com\/wp-content\/uploads\/2024\/05\/IMG_5882.jpg\" data-elementor-lightbox-slideshow=\"gallery-01ts\"><i class=\"fab fa-instagram\"><\/i><\/a><\/div><\/div><div class=\"item\"><div class=\"gallery-two__single\"><div class=\"gallery-two__image\"><img decoding=\"async\" src=\"https:\/\/livialuxuryaparthotel.com\/wp-content\/uploads\/2024\/05\/IMG_5870-600x540.jpg\" alt=\"Livia Luxury Apart Hotel\" \/><\/div><a class=\"gallery-two__photo photo-gallery\" href=\"https:\/\/livialuxuryaparthotel.com\/wp-content\/uploads\/2024\/05\/IMG_5870-scaled.jpg\" data-elementor-lightbox-slideshow=\"gallery-01ts\"><i class=\"fab fa-instagram\"><\/i><\/a><\/div><\/div><div class=\"item\"><div class=\"gallery-two__single\"><div class=\"gallery-two__image\"><img decoding=\"async\" src=\"https:\/\/livialuxuryaparthotel.com\/wp-content\/uploads\/2024\/05\/IMG_5862-600x540.jpg\" alt=\"Livia Luxury Apart Hotel\" \/><\/div><a class=\"gallery-two__photo photo-gallery\" href=\"https:\/\/livialuxuryaparthotel.com\/wp-content\/uploads\/2024\/05\/IMG_5862-scaled.jpg\" data-elementor-lightbox-slideshow=\"gallery-01ts\"><i class=\"fab fa-instagram\"><\/i><\/a><\/div><\/div>\t  \t<\/div>\r\n\t<\/div>\r\n<\/div>\r\n<\/div>\t\t\t\t<\/div>\n\t\t\t\t<\/div>\n\t\t\t\t\t<\/div>\n\t\t<\/div>\n\t\t\t\t\t<\/div>\n\t\t<\/section>\n\t\t\t\t<section class=\"elementor-section elementor-top-section elementor-element elementor-element-874771e elementor-section-boxed elementor-section-height-default elementor-section-height-default\" data-id=\"874771e\" data-element_type=\"section\" data-settings=\"{&quot;background_background&quot;:&quot;classic&quot;}\">\n\t\t\t\t\t\t<div class=\"elementor-container elementor-column-gap-default\">\n\t\t\t\t\t<div class=\"elementor-column elementor-col-50 elementor-top-column elementor-element elementor-element-baf9328\" data-id=\"baf9328\" data-element_type=\"column\">\n\t\t\t<div class=\"elementor-widget-wrap elementor-element-populated\">\n\t\t\t\t\t\t<div class=\"elementor-element elementor-element-faa0958 elementor-vertical-align-middle icon-box-left elementor-widget elementor-widget-icon-box\" data-id=\"faa0958\" data-element_type=\"widget\" data-widget_type=\"icon-box.default\">\n\t\t\t\t<div class=\"elementor-widget-container\">\n\t\t\t\t\t\t\t<div class=\"elementor-icon-box-wrapper\">\n\n\t\t\t\n\t\t\t\t\t\t<div class=\"elementor-icon-box-content\">\n\n\t\t\t\t\t\t\t\t\t<h3 class=\"elementor-icon-box-title\">\n\t\t\t\t\t\t<span  >\n\t\t\t\t\t\t\tLivia Luxury Apart Hotel\t\t\t\t\t\t<\/span>\n\t\t\t\t\t<\/h3>\n\t\t\t\t\n\t\t\t\t\t\t\t\t\t<p class=\"elementor-icon-box-description\">\n\t\t\t\t\t\tModern ve \u015e\u0131k Dairelerde Huzuru Ke\u015ffedin\t\t\t\t\t<\/p>\n\t\t\t\t\n\t\t\t<\/div>\n\t\t\t\n\t\t<\/div>\n\t\t\t\t\t\t<\/div>\n\t\t\t\t<\/div>\n\t\t\t\t\t<\/div>\n\t\t<\/div>\n\t\t\t\t<div class=\"elementor-column elementor-col-50 elementor-top-column elementor-element elementor-element-4b50e81\" data-id=\"4b50e81\" data-element_type=\"column\">\n\t\t\t<div class=\"elementor-widget-wrap elementor-element-populated\">\n\t\t\t\t\t\t<div class=\"elementor-element elementor-element-597283d elementor-widget__width-auto elementor-widget elementor-widget-html\" data-id=\"597283d\" data-element_type=\"widget\" data-widget_type=\"html.default\">\n\t\t\t\t<div class=\"elementor-widget-container\">\n\t\t\t\t\t<a class=\"btn-white\" href=\"https:\/\/livialuxuryaparthotel.com\/odalarimiz\">\n    Daha Fazlas\u0131n\u0131 Ke\u015ffedin\n<\/a>\t\t\t\t<\/div>\n\t\t\t\t<\/div>\n\t\t\t\t\t<\/div>\n\t\t<\/div>\n\t\t\t\t\t<\/div>\n\t\t<\/section>\n\t\t\t\t<\/div>\n\t\t","protected":false},"excerpt":{"rendered":"<p>Galeri Livia Luxury Apart Hotel Modern ve \u015e\u0131k Dairelerde Huzuru Ke\u015ffedin Daha Fazlas\u0131n\u0131 Ke\u015ffedin<\/p>\n","protected":false},"author":1,"featured_media":0,"parent":0,"menu_order":0,"comment_status":"closed","ping_status":"closed","template":"","meta":{"footnotes":""},"class_list":["post-488","page","type-page","status-publish","hentry"],"yoast_head":"<!-- This site is optimized with the Yoast SEO plugin v25.1 - https:\/\/yoast.com\/wordpress\/plugins\/seo\/ -->\n<title>Galeri - Livia Luxury Apart Hotel - Antalya Konyaalt\u0131<\/title>\n<meta name=\"robots\" content=\"index, follow, max-snippet:-1, max-image-preview:large, max-video-preview:-1\" \/>\n<link rel=\"canonical\" href=\"https:\/\/livialuxuryaparthotel.com\/tr\/galeri\" \/>\n<meta property=\"og:locale\" content=\"tr_TR\" \/>\n<meta property=\"og:type\" content=\"article\" \/>\n<meta property=\"og:title\" content=\"Galeri - Livia Luxury Apart Hotel - Antalya Konyaalt\u0131\" \/>\n<meta property=\"og:description\" content=\"Galeri Livia Luxury Apart Hotel Modern ve \u015e\u0131k Dairelerde Huzuru Ke\u015ffedin Daha Fazlas\u0131n\u0131 Ke\u015ffedin\" \/>\n<meta property=\"og:url\" content=\"https:\/\/livialuxuryaparthotel.com\/tr\/galeri\" \/>\n<meta property=\"og:site_name\" content=\"Livia Luxury Apart Hotel - Antalya Konyaalt\u0131\" \/>\n<meta property=\"article:modified_time\" content=\"2024-05-20T09:35:20+00:00\" \/>\n<meta property=\"og:image\" content=\"https:\/\/livialuxuryaparthotel.com\/wp-content\/uploads\/2024\/05\/IMG_6068-600x540.jpg\" \/>\n<meta name=\"twitter:card\" content=\"summary_large_image\" \/>\n<script type=\"application\/ld+json\" class=\"yoast-schema-graph\">{\"@context\":\"https:\/\/schema.org\",\"@graph\":[{\"@type\":\"WebPage\",\"@id\":\"https:\/\/livialuxuryaparthotel.com\/tr\/galeri\",\"url\":\"https:\/\/livialuxuryaparthotel.com\/tr\/galeri\",\"name\":\"Galeri - Livia Luxury Apart Hotel - Antalya Konyaalt\u0131\",\"isPartOf\":{\"@id\":\"https:\/\/livialuxuryaparthotel.com\/tr\/#website\"},\"primaryImageOfPage\":{\"@id\":\"https:\/\/livialuxuryaparthotel.com\/tr\/galeri#primaryimage\"},\"image\":{\"@id\":\"https:\/\/livialuxuryaparthotel.com\/tr\/galeri#primaryimage\"},\"thumbnailUrl\":\"https:\/\/livialuxuryaparthotel.com\/wp-content\/uploads\/2024\/05\/IMG_6068-600x540.jpg\",\"datePublished\":\"2022-12-19T02:31:07+00:00\",\"dateModified\":\"2024-05-20T09:35:20+00:00\",\"breadcrumb\":{\"@id\":\"https:\/\/livialuxuryaparthotel.com\/tr\/galeri#breadcrumb\"},\"inLanguage\":\"tr\",\"potentialAction\":[{\"@type\":\"ReadAction\",\"target\":[\"https:\/\/livialuxuryaparthotel.com\/tr\/galeri\"]}]},{\"@type\":\"ImageObject\",\"inLanguage\":\"tr\",\"@id\":\"https:\/\/livialuxuryaparthotel.com\/tr\/galeri#primaryimage\",\"url\":\"https:\/\/livialuxuryaparthotel.com\/wp-content\/uploads\/2024\/05\/IMG_6068-600x540.jpg\",\"contentUrl\":\"https:\/\/livialuxuryaparthotel.com\/wp-content\/uploads\/2024\/05\/IMG_6068-600x540.jpg\"},{\"@type\":\"BreadcrumbList\",\"@id\":\"https:\/\/livialuxuryaparthotel.com\/tr\/galeri#breadcrumb\",\"itemListElement\":[{\"@type\":\"ListItem\",\"position\":1,\"name\":\"Anasayfa\",\"item\":\"https:\/\/livialuxuryaparthotel.com\/\"},{\"@type\":\"ListItem\",\"position\":2,\"name\":\"Galeri\"}]},{\"@type\":\"WebSite\",\"@id\":\"https:\/\/livialuxuryaparthotel.com\/tr\/#website\",\"url\":\"https:\/\/livialuxuryaparthotel.com\/tr\/\",\"name\":\"Livia Luxury Apart Hotel - Antalya Konyaalt\u0131\",\"description\":\"Livia Luxury Apart Hotel, Antalya Konyaalt\u0131&#039;nda l\u00fcks ve konforlu konaklama imkan\u0131 sunar. Modern ve \u015f\u0131k dairelerimizde huzurlu bir tatil ge\u00e7irin.\",\"publisher\":{\"@id\":\"https:\/\/livialuxuryaparthotel.com\/tr\/#organization\"},\"potentialAction\":[{\"@type\":\"SearchAction\",\"target\":{\"@type\":\"EntryPoint\",\"urlTemplate\":\"https:\/\/livialuxuryaparthotel.com\/tr\/?s={search_term_string}\"},\"query-input\":{\"@type\":\"PropertyValueSpecification\",\"valueRequired\":true,\"valueName\":\"search_term_string\"}}],\"inLanguage\":\"tr\"},{\"@type\":\"Organization\",\"@id\":\"https:\/\/livialuxuryaparthotel.com\/tr\/#organization\",\"name\":\"Livia Luxury Apart Hotel - Antalya Konyaalt\u0131\",\"url\":\"https:\/\/livialuxuryaparthotel.com\/tr\/\",\"logo\":{\"@type\":\"ImageObject\",\"inLanguage\":\"tr\",\"@id\":\"https:\/\/livialuxuryaparthotel.com\/tr\/#\/schema\/logo\/image\/\",\"url\":\"https:\/\/livialuxuryaparthotel.com\/wp-content\/uploads\/2022\/12\/Livia.png\",\"contentUrl\":\"https:\/\/livialuxuryaparthotel.com\/wp-content\/uploads\/2022\/12\/Livia.png\",\"width\":1335,\"height\":510,\"caption\":\"Livia Luxury Apart Hotel - Antalya Konyaalt\u0131\"},\"image\":{\"@id\":\"https:\/\/livialuxuryaparthotel.com\/tr\/#\/schema\/logo\/image\/\"}}]}<\/script>\n<!-- \/ Yoast SEO plugin. -->","yoast_head_json":{"title":"Galeri - Livia Luxury Apart Hotel - Antalya Konyaalt\u0131","robots":{"index":"index","follow":"follow","max-snippet":"max-snippet:-1","max-image-preview":"max-image-preview:large","max-video-preview":"max-video-preview:-1"},"canonical":"https:\/\/livialuxuryaparthotel.com\/tr\/galeri","og_locale":"tr_TR","og_type":"article","og_title":"Galeri - Livia Luxury Apart Hotel - Antalya Konyaalt\u0131","og_description":"Galeri Livia Luxury Apart Hotel Modern ve \u015e\u0131k Dairelerde Huzuru Ke\u015ffedin Daha Fazlas\u0131n\u0131 Ke\u015ffedin","og_url":"https:\/\/livialuxuryaparthotel.com\/tr\/galeri","og_site_name":"Livia Luxury Apart Hotel - Antalya Konyaalt\u0131","article_modified_time":"2024-05-20T09:35:20+00:00","og_image":[{"url":"https:\/\/livialuxuryaparthotel.com\/wp-content\/uploads\/2024\/05\/IMG_6068-600x540.jpg","type":"","width":"","height":""}],"twitter_card":"summary_large_image","schema":{"@context":"https:\/\/schema.org","@graph":[{"@type":"WebPage","@id":"https:\/\/livialuxuryaparthotel.com\/tr\/galeri","url":"https:\/\/livialuxuryaparthotel.com\/tr\/galeri","name":"Galeri - Livia Luxury Apart Hotel - Antalya Konyaalt\u0131","isPartOf":{"@id":"https:\/\/livialuxuryaparthotel.com\/tr\/#website"},"primaryImageOfPage":{"@id":"https:\/\/livialuxuryaparthotel.com\/tr\/galeri#primaryimage"},"image":{"@id":"https:\/\/livialuxuryaparthotel.com\/tr\/galeri#primaryimage"},"thumbnailUrl":"https:\/\/livialuxuryaparthotel.com\/wp-content\/uploads\/2024\/05\/IMG_6068-600x540.jpg","datePublished":"2022-12-19T02:31:07+00:00","dateModified":"2024-05-20T09:35:20+00:00","breadcrumb":{"@id":"https:\/\/livialuxuryaparthotel.com\/tr\/galeri#breadcrumb"},"inLanguage":"tr","potentialAction":[{"@type":"ReadAction","target":["https:\/\/livialuxuryaparthotel.com\/tr\/galeri"]}]},{"@type":"ImageObject","inLanguage":"tr","@id":"https:\/\/livialuxuryaparthotel.com\/tr\/galeri#primaryimage","url":"https:\/\/livialuxuryaparthotel.com\/wp-content\/uploads\/2024\/05\/IMG_6068-600x540.jpg","contentUrl":"https:\/\/livialuxuryaparthotel.com\/wp-content\/uploads\/2024\/05\/IMG_6068-600x540.jpg"},{"@type":"BreadcrumbList","@id":"https:\/\/livialuxuryaparthotel.com\/tr\/galeri#breadcrumb","itemListElement":[{"@type":"ListItem","position":1,"name":"Anasayfa","item":"https:\/\/livialuxuryaparthotel.com\/"},{"@type":"ListItem","position":2,"name":"Galeri"}]},{"@type":"WebSite","@id":"https:\/\/livialuxuryaparthotel.com\/tr\/#website","url":"https:\/\/livialuxuryaparthotel.com\/tr\/","name":"Livia Luxury Apart Hotel - Antalya Konyaalt\u0131","description":"Livia Luxury Apart Hotel, Antalya Konyaalt\u0131&#039;nda l\u00fcks ve konforlu konaklama imkan\u0131 sunar. Modern ve \u015f\u0131k dairelerimizde huzurlu bir tatil ge\u00e7irin.","publisher":{"@id":"https:\/\/livialuxuryaparthotel.com\/tr\/#organization"},"potentialAction":[{"@type":"SearchAction","target":{"@type":"EntryPoint","urlTemplate":"https:\/\/livialuxuryaparthotel.com\/tr\/?s={search_term_string}"},"query-input":{"@type":"PropertyValueSpecification","valueRequired":true,"valueName":"search_term_string"}}],"inLanguage":"tr"},{"@type":"Organization","@id":"https:\/\/livialuxuryaparthotel.com\/tr\/#organization","name":"Livia Luxury Apart Hotel - Antalya Konyaalt\u0131","url":"https:\/\/livialuxuryaparthotel.com\/tr\/","logo":{"@type":"ImageObject","inLanguage":"tr","@id":"https:\/\/livialuxuryaparthotel.com\/tr\/#\/schema\/logo\/image\/","url":"https:\/\/livialuxuryaparthotel.com\/wp-content\/uploads\/2022\/12\/Livia.png","contentUrl":"https:\/\/livialuxuryaparthotel.com\/wp-content\/uploads\/2022\/12\/Livia.png","width":1335,"height":510,"caption":"Livia Luxury Apart Hotel - Antalya Konyaalt\u0131"},"image":{"@id":"https:\/\/livialuxuryaparthotel.com\/tr\/#\/schema\/logo\/image\/"}}]}},"_links":{"self":[{"href":"https:\/\/livialuxuryaparthotel.com\/tr\/wp-json\/wp\/v2\/pages\/488","targetHints":{"allow":["GET"]}}],"collection":[{"href":"https:\/\/livialuxuryaparthotel.com\/tr\/wp-json\/wp\/v2\/pages"}],"about":[{"href":"https:\/\/livialuxuryaparthotel.com\/tr\/wp-json\/wp\/v2\/types\/page"}],"author":[{"embeddable":true,"href":"https:\/\/livialuxuryaparthotel.com\/tr\/wp-json\/wp\/v2\/users\/1"}],"replies":[{"embeddable":true,"href":"https:\/\/livialuxuryaparthotel.com\/tr\/wp-json\/wp\/v2\/comments?post=488"}],"version-history":[{"count":8,"href":"https:\/\/livialuxuryaparthotel.com\/tr\/wp-json\/wp\/v2\/pages\/488\/revisions"}],"predecessor-version":[{"id":672,"href":"https:\/\/livialuxuryaparthotel.com\/tr\/wp-json\/wp\/v2\/pages\/488\/revisions\/672"}],"wp:attachment":[{"href":"https:\/\/livialuxuryaparthotel.com\/tr\/wp-json\/wp\/v2\/media?parent=488"}],"curies":[{"name":"wp","href":"https:\/\/api.w.org\/{rel}","templated":true}]}}