{"id":784,"date":"2024-05-30T08:16:47","date_gmt":"2024-05-30T08:16:47","guid":{"rendered":"https:\/\/livialuxuryaparthotel.com\/odeme"},"modified":"2024-05-30T08:16:47","modified_gmt":"2024-05-30T08:16:47","slug":"odeme","status":"publish","type":"page","link":"https:\/\/livialuxuryaparthotel.com\/tr\/odeme","title":{"rendered":"\u00d6deme"},"content":{"rendered":"\n<div class=\"wp-block-woocommerce-checkout alignwide wc-block-checkout is-loading\">\n<div class=\"wp-block-woocommerce-checkout-fields-block\">\n<div class=\"wp-block-woocommerce-checkout-express-payment-block\"><\/div>\n\n\n\n<div class=\"wp-block-woocommerce-checkout-contact-information-block\"><\/div>\n\n\n\n<div class=\"wp-block-woocommerce-checkout-shipping-method-block\"><\/div>\n\n\n\n<div class=\"wp-block-woocommerce-checkout-pickup-options-block\"><\/div>\n\n\n\n<div class=\"wp-block-woocommerce-checkout-shipping-address-block\"><\/div>\n\n\n\n<div class=\"wp-block-woocommerce-checkout-billing-address-block\"><\/div>\n\n\n\n<div class=\"wp-block-woocommerce-checkout-shipping-methods-block\"><\/div>\n\n\n\n<div class=\"wp-block-woocommerce-checkout-payment-block\"><\/div>\n\n\n\n<div class=\"wp-block-woocommerce-checkout-additional-information-block\"><\/div>\n\n\n\n<div class=\"wp-block-woocommerce-checkout-order-note-block\"><\/div>\n\n\n\n<div class=\"wp-block-woocommerce-checkout-terms-block\"><\/div>\n\n\n\n<div class=\"wp-block-woocommerce-checkout-actions-block\"><\/div>\n<\/div>\n\n\n\n<div class=\"wp-block-woocommerce-checkout-totals-block\">\n<div class=\"wp-block-woocommerce-checkout-order-summary-block\">\n<div class=\"wp-block-woocommerce-checkout-order-summary-cart-items-block\"><\/div>\n\n\n\n<div class=\"wp-block-woocommerce-checkout-order-summary-coupon-form-block\"><\/div>\n\n\n\n<div class=\"wp-block-woocommerce-checkout-order-summary-subtotal-block\"><\/div>\n\n\n\n<div class=\"wp-block-woocommerce-checkout-order-summary-fee-block\"><\/div>\n\n\n\n<div class=\"wp-block-woocommerce-checkout-order-summary-discount-block\"><\/div>\n\n\n\n<div class=\"wp-block-woocommerce-checkout-order-summary-shipping-block\"><\/div>\n\n\n\n<div class=\"wp-block-woocommerce-checkout-order-summary-taxes-block\"><\/div>\n<\/div>\n<\/div>\n<\/div>\n","protected":false},"excerpt":{"rendered":"","protected":false},"author":1,"featured_media":0,"parent":0,"menu_order":0,"comment_status":"closed","ping_status":"closed","template":"","meta":{"footnotes":""},"class_list":["post-784","page","type-page","status-publish","hentry"],"yoast_head":"<!-- This site is optimized with the Yoast SEO plugin v25.1 - https:\/\/yoast.com\/wordpress\/plugins\/seo\/ -->\n<title>\u00d6deme - Livia Luxury Apart Hotel - Antalya Konyaalt\u0131<\/title>\n<meta name=\"robots\" content=\"index, follow, max-snippet:-1, max-image-preview:large, max-video-preview:-1\" \/>\n<link rel=\"canonical\" href=\"https:\/\/livialuxuryaparthotel.com\/tr\/odeme\" \/>\n<meta property=\"og:locale\" content=\"tr_TR\" \/>\n<meta property=\"og:type\" content=\"article\" \/>\n<meta property=\"og:title\" content=\"\u00d6deme - Livia Luxury Apart Hotel - Antalya Konyaalt\u0131\" \/>\n<meta property=\"og:url\" content=\"https:\/\/livialuxuryaparthotel.com\/tr\/odeme\" \/>\n<meta property=\"og:site_name\" content=\"Livia Luxury Apart Hotel - Antalya Konyaalt\u0131\" \/>\n<meta name=\"twitter:card\" content=\"summary_large_image\" \/>\n<script type=\"application\/ld+json\" class=\"yoast-schema-graph\">{\"@context\":\"https:\/\/schema.org\",\"@graph\":[{\"@type\":\"WebPage\",\"@id\":\"https:\/\/livialuxuryaparthotel.com\/tr\/odeme\",\"url\":\"https:\/\/livialuxuryaparthotel.com\/tr\/odeme\",\"name\":\"\u00d6deme - Livia Luxury Apart Hotel - Antalya Konyaalt\u0131\",\"isPartOf\":{\"@id\":\"https:\/\/livialuxuryaparthotel.com\/tr\/#website\"},\"datePublished\":\"2024-05-30T08:16:47+00:00\",\"breadcrumb\":{\"@id\":\"https:\/\/livialuxuryaparthotel.com\/tr\/odeme#breadcrumb\"},\"inLanguage\":\"tr\",\"potentialAction\":[{\"@type\":\"ReadAction\",\"target\":[\"https:\/\/livialuxuryaparthotel.com\/tr\/odeme\"]}]},{\"@type\":\"BreadcrumbList\",\"@id\":\"https:\/\/livialuxuryaparthotel.com\/tr\/odeme#breadcrumb\",\"itemListElement\":[{\"@type\":\"ListItem\",\"position\":1,\"name\":\"Anasayfa\",\"item\":\"https:\/\/livialuxuryaparthotel.com\/\"},{\"@type\":\"ListItem\",\"position\":2,\"name\":\"\u00d6deme\"}]},{\"@type\":\"WebSite\",\"@id\":\"https:\/\/livialuxuryaparthotel.com\/tr\/#website\",\"url\":\"https:\/\/livialuxuryaparthotel.com\/tr\/\",\"name\":\"Livia Luxury Apart Hotel - Antalya Konyaalt\u0131\",\"description\":\"Livia Luxury Apart Hotel, Antalya Konyaalt\u0131&#039;nda l\u00fcks ve konforlu konaklama imkan\u0131 sunar. Modern ve \u015f\u0131k dairelerimizde huzurlu bir tatil ge\u00e7irin.\",\"publisher\":{\"@id\":\"https:\/\/livialuxuryaparthotel.com\/tr\/#organization\"},\"potentialAction\":[{\"@type\":\"SearchAction\",\"target\":{\"@type\":\"EntryPoint\",\"urlTemplate\":\"https:\/\/livialuxuryaparthotel.com\/tr\/?s={search_term_string}\"},\"query-input\":{\"@type\":\"PropertyValueSpecification\",\"valueRequired\":true,\"valueName\":\"search_term_string\"}}],\"inLanguage\":\"tr\"},{\"@type\":\"Organization\",\"@id\":\"https:\/\/livialuxuryaparthotel.com\/tr\/#organization\",\"name\":\"Livia Luxury Apart Hotel - Antalya Konyaalt\u0131\",\"url\":\"https:\/\/livialuxuryaparthotel.com\/tr\/\",\"logo\":{\"@type\":\"ImageObject\",\"inLanguage\":\"tr\",\"@id\":\"https:\/\/livialuxuryaparthotel.com\/tr\/#\/schema\/logo\/image\/\",\"url\":\"https:\/\/livialuxuryaparthotel.com\/wp-content\/uploads\/2022\/12\/Livia.png\",\"contentUrl\":\"https:\/\/livialuxuryaparthotel.com\/wp-content\/uploads\/2022\/12\/Livia.png\",\"width\":1335,\"height\":510,\"caption\":\"Livia Luxury Apart Hotel - Antalya Konyaalt\u0131\"},\"image\":{\"@id\":\"https:\/\/livialuxuryaparthotel.com\/tr\/#\/schema\/logo\/image\/\"}}]}<\/script>\n<!-- \/ Yoast SEO plugin. -->","yoast_head_json":{"title":"\u00d6deme - Livia Luxury Apart Hotel - Antalya Konyaalt\u0131","robots":{"index":"index","follow":"follow","max-snippet":"max-snippet:-1","max-image-preview":"max-image-preview:large","max-video-preview":"max-video-preview:-1"},"canonical":"https:\/\/livialuxuryaparthotel.com\/tr\/odeme","og_locale":"tr_TR","og_type":"article","og_title":"\u00d6deme - Livia Luxury Apart Hotel - Antalya Konyaalt\u0131","og_url":"https:\/\/livialuxuryaparthotel.com\/tr\/odeme","og_site_name":"Livia Luxury Apart Hotel - Antalya Konyaalt\u0131","twitter_card":"summary_large_image","schema":{"@context":"https:\/\/schema.org","@graph":[{"@type":"WebPage","@id":"https:\/\/livialuxuryaparthotel.com\/tr\/odeme","url":"https:\/\/livialuxuryaparthotel.com\/tr\/odeme","name":"\u00d6deme - Livia Luxury Apart Hotel - Antalya Konyaalt\u0131","isPartOf":{"@id":"https:\/\/livialuxuryaparthotel.com\/tr\/#website"},"datePublished":"2024-05-30T08:16:47+00:00","breadcrumb":{"@id":"https:\/\/livialuxuryaparthotel.com\/tr\/odeme#breadcrumb"},"inLanguage":"tr","potentialAction":[{"@type":"ReadAction","target":["https:\/\/livialuxuryaparthotel.com\/tr\/odeme"]}]},{"@type":"BreadcrumbList","@id":"https:\/\/livialuxuryaparthotel.com\/tr\/odeme#breadcrumb","itemListElement":[{"@type":"ListItem","position":1,"name":"Anasayfa","item":"https:\/\/livialuxuryaparthotel.com\/"},{"@type":"ListItem","position":2,"name":"\u00d6deme"}]},{"@type":"WebSite","@id":"https:\/\/livialuxuryaparthotel.com\/tr\/#website","url":"https:\/\/livialuxuryaparthotel.com\/tr\/","name":"Livia Luxury Apart Hotel - Antalya Konyaalt\u0131","description":"Livia Luxury Apart Hotel, Antalya Konyaalt\u0131&#039;nda l\u00fcks ve konforlu konaklama imkan\u0131 sunar. Modern ve \u015f\u0131k dairelerimizde huzurlu bir tatil ge\u00e7irin.","publisher":{"@id":"https:\/\/livialuxuryaparthotel.com\/tr\/#organization"},"potentialAction":[{"@type":"SearchAction","target":{"@type":"EntryPoint","urlTemplate":"https:\/\/livialuxuryaparthotel.com\/tr\/?s={search_term_string}"},"query-input":{"@type":"PropertyValueSpecification","valueRequired":true,"valueName":"search_term_string"}}],"inLanguage":"tr"},{"@type":"Organization","@id":"https:\/\/livialuxuryaparthotel.com\/tr\/#organization","name":"Livia Luxury Apart Hotel - Antalya Konyaalt\u0131","url":"https:\/\/livialuxuryaparthotel.com\/tr\/","logo":{"@type":"ImageObject","inLanguage":"tr","@id":"https:\/\/livialuxuryaparthotel.com\/tr\/#\/schema\/logo\/image\/","url":"https:\/\/livialuxuryaparthotel.com\/wp-content\/uploads\/2022\/12\/Livia.png","contentUrl":"https:\/\/livialuxuryaparthotel.com\/wp-content\/uploads\/2022\/12\/Livia.png","width":1335,"height":510,"caption":"Livia Luxury Apart Hotel - Antalya Konyaalt\u0131"},"image":{"@id":"https:\/\/livialuxuryaparthotel.com\/tr\/#\/schema\/logo\/image\/"}}]}},"_links":{"self":[{"href":"https:\/\/livialuxuryaparthotel.com\/tr\/wp-json\/wp\/v2\/pages\/784","targetHints":{"allow":["GET"]}}],"collection":[{"href":"https:\/\/livialuxuryaparthotel.com\/tr\/wp-json\/wp\/v2\/pages"}],"about":[{"href":"https:\/\/livialuxuryaparthotel.com\/tr\/wp-json\/wp\/v2\/types\/page"}],"author":[{"embeddable":true,"href":"https:\/\/livialuxuryaparthotel.com\/tr\/wp-json\/wp\/v2\/users\/1"}],"replies":[{"embeddable":true,"href":"https:\/\/livialuxuryaparthotel.com\/tr\/wp-json\/wp\/v2\/comments?post=784"}],"version-history":[{"count":0,"href":"https:\/\/livialuxuryaparthotel.com\/tr\/wp-json\/wp\/v2\/pages\/784\/revisions"}],"wp:attachment":[{"href":"https:\/\/livialuxuryaparthotel.com\/tr\/wp-json\/wp\/v2\/media?parent=784"}],"curies":[{"name":"wp","href":"https:\/\/api.w.org\/{rel}","templated":true}]}}