{"id":786,"date":"2024-05-30T13:33:38","date_gmt":"2024-05-30T13:33:38","guid":{"rendered":"https:\/\/livialuxuryaparthotel.com\/?page_id=786"},"modified":"2024-06-10T07:47:33","modified_gmt":"2024-06-10T07:47:33","slug":"rezervasyon","status":"publish","type":"page","link":"https:\/\/livialuxuryaparthotel.com\/tr\/rezervasyon","title":{"rendered":"Rezervasyon"},"content":{"rendered":"\t\t<div data-elementor-type=\"wp-page\" data-elementor-id=\"786\" class=\"elementor elementor-786\">\n\t\t\t\t\t\t<div class=\"elementor-section elementor-top-section elementor-element elementor-element-b6c3236 elementor-section-stretched elementor-section-boxed elementor-section-height-default elementor-section-height-default\" data-id=\"b6c3236\" data-element_type=\"section\" data-settings=\"{&quot;stretch_section&quot;:&quot;section-stretched&quot;}\">\n\t\t\t\t\t\t<div class=\"elementor-container elementor-column-gap-default\">\n\t\t\t\t\t<div class=\"elementor-column elementor-col-100 elementor-top-column elementor-element elementor-element-e7c2e45\" data-id=\"e7c2e45\" data-element_type=\"column\">\n\t\t\t<div class=\"elementor-widget-wrap elementor-element-populated\">\n\t\t\t\t\t\t<div class=\"elementor-element elementor-element-ec7e116 elementor-widget elementor-widget-text-editor\" data-id=\"ec7e116\" data-element_type=\"widget\" data-widget_type=\"text-editor.default\">\n\t\t\t\t<div class=\"elementor-widget-container\">\n\t\t\t\t\t\t\t\t\t<p>\r\n  <script>\r\n  var root = document.documentElement;\r\n  root.style.setProperty(\"--widget-color\", \"#BBA852\"); \/\/ set Main Color\r\n  root.style.setProperty(\"--text-color\", \"#000000\");\t\t\/\/ set Text Color\r\n  root.style.setProperty(\"--input-background\", \"#FFFFFF\");\t\/\/ set Input Background Color\r\n  var info_property = \"\"; \/\/ property code\r\n  var property_code = \"livia-luxury-apart-hotel\";\r\n  var lang_code = \"tr\";  \/\/ language Symbol\r\n  var hr_currency = \"EUR\";\r\n  var widget_layout = \"inline\"; \/\/ inline || square\r\n  var hr_drop = \"up\"; \/\/ up || down\r\n  var open_how = \"_blank\";  \/\/ _self ||  _blank\r\n  \/\/TRANSLATIONS STARTS\r\n  var hr_jsonURL=\"\/\/\"+ property_code +\".hotelrunner.com\/api\/v1\/bv3\/infos\/booking_widget.json?api_key=7518391247a27ce412d421ffe241c6ffd3f52e7c4b26e993&currency=USD&locale=\"+ lang_code +\"&c_code=null\";\r\n  var hr_translations = {};\r\n  window.onload = function loadHrJson() {\r\n      hrQuery.getJSON(hr_jsonURL, function(data) {  \/\/get translations\r\n          var child_age_ranges = `${data.child_age_ranges}`;\r\n          var age_list = [];\r\n          for( var age_v1 = 0; age_v1< child_age_ranges.split(\",\").length; age_v1++){\r\n              age_list[age_v1] = child_age_ranges.split(\",\")[age_v1];\r\n          };\r\n          for( var age_v2=0; age_v2<age_list.length; age_v2++){\r\n              age_list[age_v2] = age_list[age_v2].split(\".\")[age_list[age_v2].split(\".\").length - 1];\r\n          };\r\n          var max_child_age = Math.max(...age_list); \t\/\/child age max number\r\n          hr_translations = {\r\n              \"max_adult_number\": data.max_adult_number,\r\n              \"max_child_number\": data.max_child_number,\r\n              \"max_child_age\": max_child_age,\r\n              \"translate_add_room\": data.translations.add_room,\r\n              \"translate_adult\": data.translations.adult,\r\n              \"translate_adults\": data.translations.adults,\r\n              \"translate_book_now\": data.translations.book_now,\r\n              \"translate_child\": data.translations.child,\r\n              \"translate_child_age\": data.translations.child_age,\r\n              \"translate_children\": data.translations.children,\r\n              \"translate_done\": data.translations.done,\r\n              \"translate_remove\": data.translations.remove,\r\n              \"translate_room\": data.translations.room,\r\n              \"translate_rooms\": data.translations.rooms_count.other,\r\n              \"translate_d\": data.translations.date_translations.day_names,\r\n              \"translate_dabbr\": data.translations.date_translations.abbr_day_names,\r\n              \"translate_dmin\": data.translations.date_translations.abbr_day_names,\r\n              \"translate_m\": data.translations.date_translations.month_names,\r\n              \"translate_mabbr\": data.translations.date_translations.abbr_month_names,\r\n              \"translate_selected\": data.translations.your_selection,\r\n              \"translate_night\": data.translations.one_night,\r\n              \"translate_nights\": data.translations.more_night,\r\n              \"translate_close\": data.translations.close\r\n          };\r\n          if(hr_translations.translate_close == null){\r\n              loadHrJson();\r\n          }\r\n          else{\r\n              runHrWidget();\r\n          }\r\n      });\r\n  };\r\n  \/\/TRANSLATIONS ENDS\r\n  <\/script>\r\n  <style>\r\n\r\n  @media (min-width: 768px) {\r\n    .datepicker {\r\n      width: 200% !important;\r\n    }\r\n  }\r\n  <\/style>\r\n  <div id=\"hr_search_widget\" style=\"z-index: 9999999 !important;  margin: auto;position: absolute;left: 0; right: 0;\"><\/div><\/p>\t\t\t\t\t\t\t\t<\/div>\n\t\t\t\t<\/div>\n\t\t\t\t\t<\/div>\n\t\t<\/div>\n\t\t\t\t\t<\/div>\n\t\t<\/div>\n\t\t\t\t<\/div>\n\t\t","protected":false},"excerpt":{"rendered":"","protected":false},"author":1,"featured_media":0,"parent":0,"menu_order":0,"comment_status":"closed","ping_status":"closed","template":"","meta":{"footnotes":""},"class_list":["post-786","page","type-page","status-publish","hentry"],"yoast_head":"<!-- This site is optimized with the Yoast SEO plugin v25.1 - https:\/\/yoast.com\/wordpress\/plugins\/seo\/ -->\n<title>Rezervasyon - Livia Luxury Apart Hotel - Antalya Konyaalt\u0131<\/title>\n<meta name=\"robots\" content=\"index, follow, max-snippet:-1, max-image-preview:large, max-video-preview:-1\" \/>\n<link rel=\"canonical\" href=\"https:\/\/livialuxuryaparthotel.com\/tr\/rezervasyon\/\" \/>\n<meta property=\"og:locale\" content=\"tr_TR\" \/>\n<meta property=\"og:type\" content=\"article\" \/>\n<meta property=\"og:title\" content=\"Rezervasyon - Livia Luxury Apart Hotel - Antalya Konyaalt\u0131\" \/>\n<meta property=\"og:url\" content=\"https:\/\/livialuxuryaparthotel.com\/tr\/rezervasyon\/\" \/>\n<meta property=\"og:site_name\" content=\"Livia Luxury Apart Hotel - Antalya Konyaalt\u0131\" \/>\n<meta property=\"article:modified_time\" content=\"2024-06-10T07:47:33+00:00\" \/>\n<meta name=\"twitter:card\" content=\"summary_large_image\" \/>\n<script type=\"application\/ld+json\" class=\"yoast-schema-graph\">{\"@context\":\"https:\/\/schema.org\",\"@graph\":[{\"@type\":\"WebPage\",\"@id\":\"https:\/\/livialuxuryaparthotel.com\/en\/rezervasyon\",\"url\":\"https:\/\/livialuxuryaparthotel.com\/en\/rezervasyon\",\"name\":\"Rezervasyon - Livia Luxury Apart Hotel - Antalya Konyaalt\u0131\",\"isPartOf\":{\"@id\":\"https:\/\/livialuxuryaparthotel.com\/tr\/#website\"},\"datePublished\":\"2024-05-30T13:33:38+00:00\",\"dateModified\":\"2024-06-10T07:47:33+00:00\",\"breadcrumb\":{\"@id\":\"https:\/\/livialuxuryaparthotel.com\/en\/rezervasyon#breadcrumb\"},\"inLanguage\":\"tr\",\"potentialAction\":[{\"@type\":\"ReadAction\",\"target\":[\"https:\/\/livialuxuryaparthotel.com\/en\/rezervasyon\"]}]},{\"@type\":\"BreadcrumbList\",\"@id\":\"https:\/\/livialuxuryaparthotel.com\/en\/rezervasyon#breadcrumb\",\"itemListElement\":[{\"@type\":\"ListItem\",\"position\":1,\"name\":\"Anasayfa\",\"item\":\"https:\/\/livialuxuryaparthotel.com\/\"},{\"@type\":\"ListItem\",\"position\":2,\"name\":\"Rezervasyon\"}]},{\"@type\":\"WebSite\",\"@id\":\"https:\/\/livialuxuryaparthotel.com\/tr\/#website\",\"url\":\"https:\/\/livialuxuryaparthotel.com\/tr\/\",\"name\":\"Livia Luxury Apart Hotel - Antalya Konyaalt\u0131\",\"description\":\"Livia Luxury Apart Hotel, Antalya Konyaalt\u0131&#039;nda l\u00fcks ve konforlu konaklama imkan\u0131 sunar. Modern ve \u015f\u0131k dairelerimizde huzurlu bir tatil ge\u00e7irin.\",\"publisher\":{\"@id\":\"https:\/\/livialuxuryaparthotel.com\/tr\/#organization\"},\"potentialAction\":[{\"@type\":\"SearchAction\",\"target\":{\"@type\":\"EntryPoint\",\"urlTemplate\":\"https:\/\/livialuxuryaparthotel.com\/tr\/?s={search_term_string}\"},\"query-input\":{\"@type\":\"PropertyValueSpecification\",\"valueRequired\":true,\"valueName\":\"search_term_string\"}}],\"inLanguage\":\"tr\"},{\"@type\":\"Organization\",\"@id\":\"https:\/\/livialuxuryaparthotel.com\/tr\/#organization\",\"name\":\"Livia Luxury Apart Hotel - Antalya Konyaalt\u0131\",\"url\":\"https:\/\/livialuxuryaparthotel.com\/tr\/\",\"logo\":{\"@type\":\"ImageObject\",\"inLanguage\":\"tr\",\"@id\":\"https:\/\/livialuxuryaparthotel.com\/tr\/#\/schema\/logo\/image\/\",\"url\":\"https:\/\/livialuxuryaparthotel.com\/wp-content\/uploads\/2022\/12\/Livia.png\",\"contentUrl\":\"https:\/\/livialuxuryaparthotel.com\/wp-content\/uploads\/2022\/12\/Livia.png\",\"width\":1335,\"height\":510,\"caption\":\"Livia Luxury Apart Hotel - Antalya Konyaalt\u0131\"},\"image\":{\"@id\":\"https:\/\/livialuxuryaparthotel.com\/tr\/#\/schema\/logo\/image\/\"}}]}<\/script>\n<!-- \/ Yoast SEO plugin. -->","yoast_head_json":{"title":"Rezervasyon - Livia Luxury Apart Hotel - Antalya Konyaalt\u0131","robots":{"index":"index","follow":"follow","max-snippet":"max-snippet:-1","max-image-preview":"max-image-preview:large","max-video-preview":"max-video-preview:-1"},"canonical":"https:\/\/livialuxuryaparthotel.com\/tr\/rezervasyon\/","og_locale":"tr_TR","og_type":"article","og_title":"Rezervasyon - Livia Luxury Apart Hotel - Antalya Konyaalt\u0131","og_url":"https:\/\/livialuxuryaparthotel.com\/tr\/rezervasyon\/","og_site_name":"Livia Luxury Apart Hotel - Antalya Konyaalt\u0131","article_modified_time":"2024-06-10T07:47:33+00:00","twitter_card":"summary_large_image","schema":{"@context":"https:\/\/schema.org","@graph":[{"@type":"WebPage","@id":"https:\/\/livialuxuryaparthotel.com\/en\/rezervasyon","url":"https:\/\/livialuxuryaparthotel.com\/en\/rezervasyon","name":"Rezervasyon - Livia Luxury Apart Hotel - Antalya Konyaalt\u0131","isPartOf":{"@id":"https:\/\/livialuxuryaparthotel.com\/tr\/#website"},"datePublished":"2024-05-30T13:33:38+00:00","dateModified":"2024-06-10T07:47:33+00:00","breadcrumb":{"@id":"https:\/\/livialuxuryaparthotel.com\/en\/rezervasyon#breadcrumb"},"inLanguage":"tr","potentialAction":[{"@type":"ReadAction","target":["https:\/\/livialuxuryaparthotel.com\/en\/rezervasyon"]}]},{"@type":"BreadcrumbList","@id":"https:\/\/livialuxuryaparthotel.com\/en\/rezervasyon#breadcrumb","itemListElement":[{"@type":"ListItem","position":1,"name":"Anasayfa","item":"https:\/\/livialuxuryaparthotel.com\/"},{"@type":"ListItem","position":2,"name":"Rezervasyon"}]},{"@type":"WebSite","@id":"https:\/\/livialuxuryaparthotel.com\/tr\/#website","url":"https:\/\/livialuxuryaparthotel.com\/tr\/","name":"Livia Luxury Apart Hotel - Antalya Konyaalt\u0131","description":"Livia Luxury Apart Hotel, Antalya Konyaalt\u0131&#039;nda l\u00fcks ve konforlu konaklama imkan\u0131 sunar. Modern ve \u015f\u0131k dairelerimizde huzurlu bir tatil ge\u00e7irin.","publisher":{"@id":"https:\/\/livialuxuryaparthotel.com\/tr\/#organization"},"potentialAction":[{"@type":"SearchAction","target":{"@type":"EntryPoint","urlTemplate":"https:\/\/livialuxuryaparthotel.com\/tr\/?s={search_term_string}"},"query-input":{"@type":"PropertyValueSpecification","valueRequired":true,"valueName":"search_term_string"}}],"inLanguage":"tr"},{"@type":"Organization","@id":"https:\/\/livialuxuryaparthotel.com\/tr\/#organization","name":"Livia Luxury Apart Hotel - Antalya Konyaalt\u0131","url":"https:\/\/livialuxuryaparthotel.com\/tr\/","logo":{"@type":"ImageObject","inLanguage":"tr","@id":"https:\/\/livialuxuryaparthotel.com\/tr\/#\/schema\/logo\/image\/","url":"https:\/\/livialuxuryaparthotel.com\/wp-content\/uploads\/2022\/12\/Livia.png","contentUrl":"https:\/\/livialuxuryaparthotel.com\/wp-content\/uploads\/2022\/12\/Livia.png","width":1335,"height":510,"caption":"Livia Luxury Apart Hotel - Antalya Konyaalt\u0131"},"image":{"@id":"https:\/\/livialuxuryaparthotel.com\/tr\/#\/schema\/logo\/image\/"}}]}},"_links":{"self":[{"href":"https:\/\/livialuxuryaparthotel.com\/tr\/wp-json\/wp\/v2\/pages\/786","targetHints":{"allow":["GET"]}}],"collection":[{"href":"https:\/\/livialuxuryaparthotel.com\/tr\/wp-json\/wp\/v2\/pages"}],"about":[{"href":"https:\/\/livialuxuryaparthotel.com\/tr\/wp-json\/wp\/v2\/types\/page"}],"author":[{"embeddable":true,"href":"https:\/\/livialuxuryaparthotel.com\/tr\/wp-json\/wp\/v2\/users\/1"}],"replies":[{"embeddable":true,"href":"https:\/\/livialuxuryaparthotel.com\/tr\/wp-json\/wp\/v2\/comments?post=786"}],"version-history":[{"count":61,"href":"https:\/\/livialuxuryaparthotel.com\/tr\/wp-json\/wp\/v2\/pages\/786\/revisions"}],"predecessor-version":[{"id":1040,"href":"https:\/\/livialuxuryaparthotel.com\/tr\/wp-json\/wp\/v2\/pages\/786\/revisions\/1040"}],"wp:attachment":[{"href":"https:\/\/livialuxuryaparthotel.com\/tr\/wp-json\/wp\/v2\/media?parent=786"}],"curies":[{"name":"wp","href":"https:\/\/api.w.org\/{rel}","templated":true}]}}